{"id":12907,"date":"2025-07-23T12:36:28","date_gmt":"2025-07-23T10:36:28","guid":{"rendered":"https:\/\/fgs.hr\/?post_type=product&#038;p=12907"},"modified":"2025-11-06T12:53:55","modified_gmt":"2025-11-06T11:53:55","slug":"casica-croatia-2","status":"publish","type":"product","link":"https:\/\/fgs.hr\/en\/product\/casica-croatia-2\/","title":{"rendered":"Staklena \u010da\u0161ica Croatia &#8211; PASTEL"},"content":{"rendered":"<p>Manja kerami\u010dka \u0161alica s ilustracijama hrvatskih motiva. Zanimljiv suvenir za kolekcionare i ljubitelje unikatnih detalja.<\/p>","protected":false},"excerpt":{"rendered":"<p>Manja kerami\u010dka \u0161alica s ilustracijama hrvatskih motiva. Zanimljiv suvenir za kolekcionare i ljubitelje unikatnih detalja.<\/p>","protected":false},"featured_media":13238,"template":"","meta":[],"etheme_brands":[],"product_brand":[],"product_cat":[276],"product_tag":[],"class_list":{"0":"post-12907","1":"product","2":"type-product","3":"status-publish","4":"has-post-thumbnail","6":"product_cat-staklene-case-suveniri","8":"first","9":"instock","10":"taxable","11":"shipping-taxable","12":"product-type-simple"},"yoast_head":"<!-- This site is optimized with the Yoast SEO plugin v27.2 - https:\/\/yoast.com\/product\/yoast-seo-wordpress\/ -->\n<title>Staklena \u010da\u0161ica Croatia - PASTEL - Feel Good Souvenirs<\/title>\n<meta name=\"robots\" content=\"index, follow, max-snippet:-1, max-image-preview:large, max-video-preview:-1\" \/>\n<link rel=\"canonical\" href=\"https:\/\/fgs.hr\/en\/product\/casica-croatia-2\/\" \/>\n<meta property=\"og:locale\" content=\"en_GB\" \/>\n<meta property=\"og:type\" content=\"article\" \/>\n<meta property=\"og:title\" content=\"Staklena \u010da\u0161ica Croatia - PASTEL - Feel Good Souvenirs\" \/>\n<meta property=\"og:description\" content=\"Manja kerami\u010dka \u0161alica s ilustracijama hrvatskih motiva. Zanimljiv suvenir za kolekcionare i ljubitelje unikatnih detalja.\" \/>\n<meta property=\"og:url\" content=\"https:\/\/fgs.hr\/en\/product\/casica-croatia-2\/\" \/>\n<meta property=\"og:site_name\" content=\"Feel Good Souvenirs\" \/>\n<meta property=\"article:modified_time\" content=\"2025-11-06T11:53:55+00:00\" \/>\n<meta property=\"og:image\" content=\"https:\/\/fgs.hr\/wp-content\/uploads\/2025\/07\/Dizajn-bez-naslova-2.png\" \/>\n\t<meta property=\"og:image:width\" content=\"500\" \/>\n\t<meta property=\"og:image:height\" content=\"500\" \/>\n\t<meta property=\"og:image:type\" content=\"image\/png\" \/>\n<meta name=\"twitter:card\" content=\"summary_large_image\" \/>\n<script type=\"application\/ld+json\" class=\"yoast-schema-graph\">{\"@context\":\"https:\/\/schema.org\",\"@graph\":[{\"@type\":\"WebPage\",\"@id\":\"https:\/\/fgs.hr\/proizvod\/casica-croatia-2\/\",\"url\":\"https:\/\/fgs.hr\/proizvod\/casica-croatia-2\/\",\"name\":\"Staklena \u010da\u0161ica Croatia - PASTEL - Feel Good Souvenirs\",\"isPartOf\":{\"@id\":\"https:\/\/fgs.hr\/#website\"},\"primaryImageOfPage\":{\"@id\":\"https:\/\/fgs.hr\/proizvod\/casica-croatia-2\/#primaryimage\"},\"image\":{\"@id\":\"https:\/\/fgs.hr\/proizvod\/casica-croatia-2\/#primaryimage\"},\"thumbnailUrl\":\"https:\/\/fgs.hr\/wp-content\/uploads\/2025\/07\/Dizajn-bez-naslova-2.png\",\"datePublished\":\"2025-07-23T10:36:28+00:00\",\"dateModified\":\"2025-11-06T11:53:55+00:00\",\"breadcrumb\":{\"@id\":\"https:\/\/fgs.hr\/proizvod\/casica-croatia-2\/#breadcrumb\"},\"inLanguage\":\"en-GB\",\"potentialAction\":[{\"@type\":\"ReadAction\",\"target\":[\"https:\/\/fgs.hr\/proizvod\/casica-croatia-2\/\"]}]},{\"@type\":\"ImageObject\",\"inLanguage\":\"en-GB\",\"@id\":\"https:\/\/fgs.hr\/proizvod\/casica-croatia-2\/#primaryimage\",\"url\":\"https:\/\/fgs.hr\/wp-content\/uploads\/2025\/07\/Dizajn-bez-naslova-2.png\",\"contentUrl\":\"https:\/\/fgs.hr\/wp-content\/uploads\/2025\/07\/Dizajn-bez-naslova-2.png\",\"width\":500,\"height\":500},{\"@type\":\"BreadcrumbList\",\"@id\":\"https:\/\/fgs.hr\/proizvod\/casica-croatia-2\/#breadcrumb\",\"itemListElement\":[{\"@type\":\"ListItem\",\"position\":1,\"name\":\"Po\u010detna stranica\",\"item\":\"https:\/\/fgs.hr\/\"},{\"@type\":\"ListItem\",\"position\":2,\"name\":\"veleprodaja\",\"item\":\"https:\/\/fgs.hr\/veleprodaja\/\"},{\"@type\":\"ListItem\",\"position\":3,\"name\":\"Staklena \u010da\u0161ica Croatia &#8211; PASTEL\"}]},{\"@type\":\"WebSite\",\"@id\":\"https:\/\/fgs.hr\/#website\",\"url\":\"https:\/\/fgs.hr\/\",\"name\":\"Feel Good Souvenirs\",\"description\":\"My Souvenirs \u2013 Hrvatski suveniri koji pri\u010daju pri\u010du.\",\"publisher\":{\"@id\":\"https:\/\/fgs.hr\/#organization\"},\"alternateName\":\"My Souvenirs\",\"potentialAction\":[{\"@type\":\"SearchAction\",\"target\":{\"@type\":\"EntryPoint\",\"urlTemplate\":\"https:\/\/fgs.hr\/?s={search_term_string}\"},\"query-input\":{\"@type\":\"PropertyValueSpecification\",\"valueRequired\":true,\"valueName\":\"search_term_string\"}}],\"inLanguage\":\"en-GB\"},{\"@type\":\"Organization\",\"@id\":\"https:\/\/fgs.hr\/#organization\",\"name\":\"Feel Good Souvenirs\",\"url\":\"https:\/\/fgs.hr\/\",\"logo\":{\"@type\":\"ImageObject\",\"inLanguage\":\"en-GB\",\"@id\":\"https:\/\/fgs.hr\/#\/schema\/logo\/image\/\",\"url\":\"https:\/\/fgs.hr\/wp-content\/uploads\/2024\/01\/feelgood_logo_okrugli.png\",\"contentUrl\":\"https:\/\/fgs.hr\/wp-content\/uploads\/2024\/01\/feelgood_logo_okrugli.png\",\"width\":1618,\"height\":1615,\"caption\":\"Feel Good Souvenirs\"},\"image\":{\"@id\":\"https:\/\/fgs.hr\/#\/schema\/logo\/image\/\"}}]}<\/script>\n<!-- \/ Yoast SEO plugin. -->","yoast_head_json":{"title":"Staklena \u010da\u0161ica Croatia - PASTEL - Feel Good Souvenirs","robots":{"index":"index","follow":"follow","max-snippet":"max-snippet:-1","max-image-preview":"max-image-preview:large","max-video-preview":"max-video-preview:-1"},"canonical":"https:\/\/fgs.hr\/en\/product\/casica-croatia-2\/","og_locale":"en_GB","og_type":"article","og_title":"Staklena \u010da\u0161ica Croatia - PASTEL - Feel Good Souvenirs","og_description":"Manja kerami\u010dka \u0161alica s ilustracijama hrvatskih motiva. Zanimljiv suvenir za kolekcionare i ljubitelje unikatnih detalja.","og_url":"https:\/\/fgs.hr\/en\/product\/casica-croatia-2\/","og_site_name":"Feel Good Souvenirs","article_modified_time":"2025-11-06T11:53:55+00:00","og_image":[{"width":500,"height":500,"url":"https:\/\/fgs.hr\/wp-content\/uploads\/2025\/07\/Dizajn-bez-naslova-2.png","type":"image\/png"}],"twitter_card":"summary_large_image","schema":{"@context":"https:\/\/schema.org","@graph":[{"@type":"WebPage","@id":"https:\/\/fgs.hr\/proizvod\/casica-croatia-2\/","url":"https:\/\/fgs.hr\/proizvod\/casica-croatia-2\/","name":"Staklena \u010da\u0161ica Croatia - PASTEL - Feel Good Souvenirs","isPartOf":{"@id":"https:\/\/fgs.hr\/#website"},"primaryImageOfPage":{"@id":"https:\/\/fgs.hr\/proizvod\/casica-croatia-2\/#primaryimage"},"image":{"@id":"https:\/\/fgs.hr\/proizvod\/casica-croatia-2\/#primaryimage"},"thumbnailUrl":"https:\/\/fgs.hr\/wp-content\/uploads\/2025\/07\/Dizajn-bez-naslova-2.png","datePublished":"2025-07-23T10:36:28+00:00","dateModified":"2025-11-06T11:53:55+00:00","breadcrumb":{"@id":"https:\/\/fgs.hr\/proizvod\/casica-croatia-2\/#breadcrumb"},"inLanguage":"en-GB","potentialAction":[{"@type":"ReadAction","target":["https:\/\/fgs.hr\/proizvod\/casica-croatia-2\/"]}]},{"@type":"ImageObject","inLanguage":"en-GB","@id":"https:\/\/fgs.hr\/proizvod\/casica-croatia-2\/#primaryimage","url":"https:\/\/fgs.hr\/wp-content\/uploads\/2025\/07\/Dizajn-bez-naslova-2.png","contentUrl":"https:\/\/fgs.hr\/wp-content\/uploads\/2025\/07\/Dizajn-bez-naslova-2.png","width":500,"height":500},{"@type":"BreadcrumbList","@id":"https:\/\/fgs.hr\/proizvod\/casica-croatia-2\/#breadcrumb","itemListElement":[{"@type":"ListItem","position":1,"name":"Po\u010detna stranica","item":"https:\/\/fgs.hr\/"},{"@type":"ListItem","position":2,"name":"veleprodaja","item":"https:\/\/fgs.hr\/veleprodaja\/"},{"@type":"ListItem","position":3,"name":"Staklena \u010da\u0161ica Croatia &#8211; PASTEL"}]},{"@type":"WebSite","@id":"https:\/\/fgs.hr\/#website","url":"https:\/\/fgs.hr\/","name":"Feel Good Souvenirs","description":"My Souvenirs \u2013 Hrvatski suveniri koji pri\u010daju pri\u010du.","publisher":{"@id":"https:\/\/fgs.hr\/#organization"},"alternateName":"My Souvenirs","potentialAction":[{"@type":"SearchAction","target":{"@type":"EntryPoint","urlTemplate":"https:\/\/fgs.hr\/?s={search_term_string}"},"query-input":{"@type":"PropertyValueSpecification","valueRequired":true,"valueName":"search_term_string"}}],"inLanguage":"en-GB"},{"@type":"Organization","@id":"https:\/\/fgs.hr\/#organization","name":"Feel Good Souvenirs","url":"https:\/\/fgs.hr\/","logo":{"@type":"ImageObject","inLanguage":"en-GB","@id":"https:\/\/fgs.hr\/#\/schema\/logo\/image\/","url":"https:\/\/fgs.hr\/wp-content\/uploads\/2024\/01\/feelgood_logo_okrugli.png","contentUrl":"https:\/\/fgs.hr\/wp-content\/uploads\/2024\/01\/feelgood_logo_okrugli.png","width":1618,"height":1615,"caption":"Feel Good Souvenirs"},"image":{"@id":"https:\/\/fgs.hr\/#\/schema\/logo\/image\/"}}]}},"_links":{"self":[{"href":"https:\/\/fgs.hr\/en\/wp-json\/wp\/v2\/product\/12907","targetHints":{"allow":["GET"]}}],"collection":[{"href":"https:\/\/fgs.hr\/en\/wp-json\/wp\/v2\/product"}],"about":[{"href":"https:\/\/fgs.hr\/en\/wp-json\/wp\/v2\/types\/product"}],"version-history":[{"count":5,"href":"https:\/\/fgs.hr\/en\/wp-json\/wp\/v2\/product\/12907\/revisions"}],"predecessor-version":[{"id":13502,"href":"https:\/\/fgs.hr\/en\/wp-json\/wp\/v2\/product\/12907\/revisions\/13502"}],"wp:featuredmedia":[{"embeddable":true,"href":"https:\/\/fgs.hr\/en\/wp-json\/wp\/v2\/media\/13238"}],"wp:attachment":[{"href":"https:\/\/fgs.hr\/en\/wp-json\/wp\/v2\/media?parent=12907"}],"wp:term":[{"taxonomy":"brand","embeddable":true,"href":"https:\/\/fgs.hr\/en\/wp-json\/wp\/v2\/etheme_brands?post=12907"},{"taxonomy":"product_brand","embeddable":true,"href":"https:\/\/fgs.hr\/en\/wp-json\/wp\/v2\/product_brand?post=12907"},{"taxonomy":"product_cat","embeddable":true,"href":"https:\/\/fgs.hr\/en\/wp-json\/wp\/v2\/product_cat?post=12907"},{"taxonomy":"product_tag","embeddable":true,"href":"https:\/\/fgs.hr\/en\/wp-json\/wp\/v2\/product_tag?post=12907"}],"curies":[{"name":"wp","href":"https:\/\/api.w.org\/{rel}","templated":true}]}}