{"id":26,"date":"2021-10-12T07:05:08","date_gmt":"2021-10-12T07:05:08","guid":{"rendered":"https:\/\/xstore.8theme.com\/elementor\/demos\/minimal-fashion02\/?page_id=26"},"modified":"2025-10-26T19:49:23","modified_gmt":"2025-10-26T18:49:23","slug":"o-nama-suveniri-split","status":"publish","type":"page","link":"https:\/\/fgs.hr\/en\/o-nama-suveniri-split\/","title":{"rendered":"About Us"},"content":{"rendered":"<div data-elementor-type=\"wp-page\" data-elementor-id=\"26\" class=\"elementor elementor-26\" data-elementor-post-type=\"page\">\n\t\t\t\t\t\t<section class=\"elementor-section elementor-top-section elementor-element elementor-element-d4ce856 elementor-section-content-middle elementor-section-boxed elementor-section-height-default elementor-section-height-default\" data-id=\"d4ce856\" data-element_type=\"section\" data-e-type=\"section\">\n\t\t\t\t\t\t<div class=\"elementor-container elementor-column-gap-no\">\n\t\t\t\t\t<div class=\"elementor-column elementor-col-50 elementor-top-column elementor-element elementor-element-cfa8881\" data-id=\"cfa8881\" data-element_type=\"column\" data-e-type=\"column\">\n\t\t\t<div class=\"elementor-widget-wrap elementor-element-populated\">\n\t\t\t\t\t\t<div class=\"elementor-element elementor-element-8c664e1 etheme-parallax-scroll_effects elementor-widget elementor-widget-image\" data-id=\"8c664e1\" data-element_type=\"widget\" data-e-type=\"widget\" data-settings=\"{&quot;etheme_parallax&quot;:&quot;yes&quot;,&quot;etheme_parallax_scroll_y&quot;:-80,&quot;etheme_parallax_type&quot;:&quot;scroll_effects&quot;,&quot;etheme_parallax_scroll_scale&quot;:{&quot;unit&quot;:&quot;px&quot;,&quot;size&quot;:1,&quot;sizes&quot;:[]},&quot;etheme_parallax_scroll_x&quot;:0,&quot;etheme_parallax_scroll_z&quot;:0,&quot;etheme_parallax_scroll_rotate&quot;:{&quot;unit&quot;:&quot;px&quot;,&quot;size&quot;:0,&quot;sizes&quot;:[]},&quot;etheme_parallax_scroll_perspective&quot;:{&quot;unit&quot;:&quot;px&quot;,&quot;size&quot;:800,&quot;sizes&quot;:[]},&quot;etheme_parallax_scroll_smoothness&quot;:{&quot;unit&quot;:&quot;px&quot;,&quot;size&quot;:30,&quot;sizes&quot;:[]}}\" data-widget_type=\"image.default\">\n\t\t\t\t<div class=\"elementor-widget-container\">\n\t\t\t\t\t\t\t\t\t\t\t\t\t\t\t<img loading=\"lazy\" decoding=\"async\" width=\"300\" height=\"300\" src=\"https:\/\/fgs.hr\/wp-content\/uploads\/2024\/01\/feelgood_logo_okrugli-300x300.png\" class=\"attachment-medium size-medium wp-image-11567\" alt=\"\" srcset=\"https:\/\/fgs.hr\/wp-content\/uploads\/2024\/01\/feelgood_logo_okrugli-300x300.png 300w, https:\/\/fgs.hr\/wp-content\/uploads\/2024\/01\/feelgood_logo_okrugli-1024x1022.png 1024w, https:\/\/fgs.hr\/wp-content\/uploads\/2024\/01\/feelgood_logo_okrugli-150x150.png 150w, https:\/\/fgs.hr\/wp-content\/uploads\/2024\/01\/feelgood_logo_okrugli-768x767.png 768w, https:\/\/fgs.hr\/wp-content\/uploads\/2024\/01\/feelgood_logo_okrugli-1536x1533.png 1536w, https:\/\/fgs.hr\/wp-content\/uploads\/2024\/01\/feelgood_logo_okrugli-600x599.png 600w, https:\/\/fgs.hr\/wp-content\/uploads\/2024\/01\/feelgood_logo_okrugli-100x100.png 100w, https:\/\/fgs.hr\/wp-content\/uploads\/2024\/01\/feelgood_logo_okrugli-1x1.png 1w, https:\/\/fgs.hr\/wp-content\/uploads\/2024\/01\/feelgood_logo_okrugli-10x10.png 10w, https:\/\/fgs.hr\/wp-content\/uploads\/2024\/01\/feelgood_logo_okrugli.png 1618w\" sizes=\"auto, (max-width: 300px) 100vw, 300px\" \/>\t\t\t\t\t\t\t\t\t\t\t\t\t\t\t<\/div>\n\t\t\t\t<\/div>\n\t\t\t\t\t<\/div>\n\t\t<\/div>\n\t\t\t\t<div class=\"elementor-column elementor-col-50 elementor-top-column elementor-element elementor-element-f35f585\" data-id=\"f35f585\" data-element_type=\"column\" data-e-type=\"column\">\n\t\t\t<div class=\"elementor-widget-wrap elementor-element-populated\">\n\t\t\t\t\t\t<div class=\"elementor-element elementor-element-868fd17 elementor-widget elementor-widget-etheme_animated_headline\" data-id=\"868fd17\" data-element_type=\"widget\" data-e-type=\"widget\" data-settings=\"{&quot;shape&quot;:&quot;underline&quot;,&quot;text_style&quot;:&quot;highlight&quot;,&quot;loop&quot;:&quot;yes&quot;,&quot;duration&quot;:{&quot;unit&quot;:&quot;px&quot;,&quot;size&quot;:&quot;&quot;,&quot;sizes&quot;:[]}}\" data-widget_type=\"etheme_animated_headline.default\">\n\t\t\t\t<div class=\"elementor-widget-container\">\n\t\t\t\t\t        \n        <div class=\"etheme-headline-wrapper\">\n            <h2 class=\"etheme-headline\" data-style=\"highlight\">\n\t\t                        <span class=\"etheme-headline-text-wrapper\">\n                \n\t\t        FeelGoodSouvenirs <svg xmlns=\"http:\/\/www.w3.org\/2000\/svg\" viewbox=\"0 0 500 150\" preserveaspectratio=\"none\"><path d=\"M5.5 125.883C149.207 118.384 329.838 103.383 495.5 125.883\"><\/path><\/svg>                \n                <\/span>\n                            <\/h2>\n        <\/div>\n        \n\t\t\t\t\t\t<\/div>\n\t\t\t\t<\/div>\n\t\t\t\t<div class=\"elementor-element elementor-element-e1c0f7b elementor-widget elementor-widget-text-editor\" data-id=\"e1c0f7b\" data-element_type=\"widget\" data-e-type=\"widget\" data-widget_type=\"text-editor.default\">\n\t\t\t\t<div class=\"elementor-widget-container\">\n\t\t\t\t\t\t\t\t\t<p>Mi smo veleprodaja, specijalizirana za suvenire, sa temom Hrvatske i Splita.<br \/>Uskoro \u0107e biti dostupni i suveniri sa motivima ostalih hrvatskih gradova. Tako\u0111er<br \/>smo otvoreni za suradnju sa zemljama u okru\u017eenju.<\/p><p>Nakon \u0161to se prijavite za velikoprodajne narud\u017ebe tj.po\u0161aljete popunjenu prijavu-<br \/>formular, mi \u0107emo Vas kontaktirati da bismo dovr\u0161ili registraciju Va\u0161e firme.<\/p><p>Nakon toga automatski dobijate \u0161ifru za ulazak u stranicu, gdje \u0107ete mo\u0107i vidjeti<br \/>kompletan asortiman na\u0161e robe sa velikoprodajnim cijenama.<br \/>Roba se mo\u017ee vidjeti i u na\u0161em centralnom skladi\u0161tu, na adresi Ivana Pavla II,<br \/>br.349; 21217 Ka\u0161tel \u0160tafili\u0107.<\/p>\t\t\t\t\t\t\t\t<\/div>\n\t\t\t\t<\/div>\n\t\t\t\t\t<\/div>\n\t\t<\/div>\n\t\t\t\t\t<\/div>\n\t\t<\/section>\n\t\t<div class=\"elementor-element elementor-element-9fa23e2 e-flex e-con-boxed e-con e-parent\" data-id=\"9fa23e2\" data-element_type=\"container\" data-e-type=\"container\">\n\t\t\t\t\t<div class=\"e-con-inner\">\n\t\t\t\t<div class=\"elementor-element elementor-element-5f1bdab elementor-widget elementor-widget-text_button\" data-id=\"5f1bdab\" data-element_type=\"widget\" data-e-type=\"widget\" data-widget_type=\"text_button.default\">\n\t\t\t\t<div class=\"elementor-widget-container\">\n\t\t\t\t\t<div class=\"etheme-button-wrapper etheme-animated etheme-animation-zoom\"><a href=\"https:\/\/fgs.hr\/en\/shop-2\/\" class=\"fill-bottom has-fill etheme-text-button elementor-button\" role=\"button\">\n        <span class=\"elementor-button-content-wrapper\">\n            \n\t\t\t<span class=\"elementor-button-text\">Vidi ponudu<\/span>\n\n            \n            \n        <\/span><\/a><\/div>\t\t\t\t<\/div>\n\t\t\t\t<\/div>\n\t\t\t\t\t<\/div>\n\t\t\t\t<\/div>\n\t\t\t\t<\/div>","protected":false},"excerpt":{"rendered":"<p>FeelGoodSouvenirs Mi smo veleprodaja, specijalizirana za suvenire, sa temom Hrvatske i Splita.Uskoro \u0107e biti dostupni i suveniri sa motivima ostalih hrvatskih gradova. Tako\u0111ersmo otvoreni za&#8230;<\/p>","protected":false},"author":1,"featured_media":0,"parent":0,"menu_order":0,"comment_status":"closed","ping_status":"closed","template":"","meta":{"footnotes":""},"class_list":["post-26","page","type-page","status-publish","hentry"],"yoast_head":"<!-- This site is optimized with the Yoast SEO plugin v27.2 - https:\/\/yoast.com\/product\/yoast-seo-wordpress\/ -->\n<title>O nama - Feel Good Souvenirs<\/title>\n<meta name=\"description\" content=\"My Souvenirs Split \u2013 mjesto gdje tradicija i kreativnost stvaraju autenti\u010dne suvenire Dalmacije. Kvaliteta i pri\u010da u svakom detalju.\" \/>\n<meta name=\"robots\" content=\"index, follow, max-snippet:-1, max-image-preview:large, max-video-preview:-1\" \/>\n<link rel=\"canonical\" href=\"https:\/\/fgs.hr\/en\/o-nama-suveniri-split\/\" \/>\n<meta property=\"og:locale\" content=\"en_GB\" \/>\n<meta property=\"og:type\" content=\"article\" \/>\n<meta property=\"og:title\" content=\"O nama - Feel Good Souvenirs\" \/>\n<meta property=\"og:description\" content=\"My Souvenirs Split \u2013 mjesto gdje tradicija i kreativnost stvaraju autenti\u010dne suvenire Dalmacije. Kvaliteta i pri\u010da u svakom detalju.\" \/>\n<meta property=\"og:url\" content=\"https:\/\/fgs.hr\/en\/o-nama-suveniri-split\/\" \/>\n<meta property=\"og:site_name\" content=\"Feel Good Souvenirs\" \/>\n<meta property=\"article:modified_time\" content=\"2025-10-26T18:49:23+00:00\" \/>\n<meta property=\"og:image\" content=\"https:\/\/fgs.hr\/wp-content\/uploads\/2024\/01\/feelgood_logo_okrugli-300x300.png\" \/>\n<meta name=\"twitter:card\" content=\"summary_large_image\" \/>\n<meta name=\"twitter:label1\" content=\"Estimated reading time\" \/>\n\t<meta name=\"twitter:data1\" content=\"1 minute\" \/>\n<script type=\"application\/ld+json\" class=\"yoast-schema-graph\">{\"@context\":\"https:\/\/schema.org\",\"@graph\":[{\"@type\":\"WebPage\",\"@id\":\"https:\/\/fgs.hr\/o-nama-suveniri-split\/\",\"url\":\"https:\/\/fgs.hr\/o-nama-suveniri-split\/\",\"name\":\"O nama - Feel Good Souvenirs\",\"isPartOf\":{\"@id\":\"https:\/\/fgs.hr\/#website\"},\"primaryImageOfPage\":{\"@id\":\"https:\/\/fgs.hr\/o-nama-suveniri-split\/#primaryimage\"},\"image\":{\"@id\":\"https:\/\/fgs.hr\/o-nama-suveniri-split\/#primaryimage\"},\"thumbnailUrl\":\"https:\/\/fgs.hr\/wp-content\/uploads\/2024\/01\/feelgood_logo_okrugli-300x300.png\",\"datePublished\":\"2021-10-12T07:05:08+00:00\",\"dateModified\":\"2025-10-26T18:49:23+00:00\",\"description\":\"My Souvenirs Split \u2013 mjesto gdje tradicija i kreativnost stvaraju autenti\u010dne suvenire Dalmacije. Kvaliteta i pri\u010da u svakom detalju.\",\"breadcrumb\":{\"@id\":\"https:\/\/fgs.hr\/o-nama-suveniri-split\/#breadcrumb\"},\"inLanguage\":\"en-GB\",\"potentialAction\":[{\"@type\":\"ReadAction\",\"target\":[\"https:\/\/fgs.hr\/o-nama-suveniri-split\/\"]}]},{\"@type\":\"ImageObject\",\"inLanguage\":\"en-GB\",\"@id\":\"https:\/\/fgs.hr\/o-nama-suveniri-split\/#primaryimage\",\"url\":\"https:\/\/fgs.hr\/wp-content\/uploads\/2024\/01\/feelgood_logo_okrugli-300x300.png\",\"contentUrl\":\"https:\/\/fgs.hr\/wp-content\/uploads\/2024\/01\/feelgood_logo_okrugli-300x300.png\"},{\"@type\":\"BreadcrumbList\",\"@id\":\"https:\/\/fgs.hr\/o-nama-suveniri-split\/#breadcrumb\",\"itemListElement\":[{\"@type\":\"ListItem\",\"position\":1,\"name\":\"Po\u010detna stranica\",\"item\":\"https:\/\/fgs.hr\/\"},{\"@type\":\"ListItem\",\"position\":2,\"name\":\"O nama\"}]},{\"@type\":\"WebSite\",\"@id\":\"https:\/\/fgs.hr\/#website\",\"url\":\"https:\/\/fgs.hr\/\",\"name\":\"Feel Good Souvenirs\",\"description\":\"My Souvenirs \u2013 Hrvatski suveniri koji pri\u010daju pri\u010du.\",\"publisher\":{\"@id\":\"https:\/\/fgs.hr\/#organization\"},\"alternateName\":\"My Souvenirs\",\"potentialAction\":[{\"@type\":\"SearchAction\",\"target\":{\"@type\":\"EntryPoint\",\"urlTemplate\":\"https:\/\/fgs.hr\/?s={search_term_string}\"},\"query-input\":{\"@type\":\"PropertyValueSpecification\",\"valueRequired\":true,\"valueName\":\"search_term_string\"}}],\"inLanguage\":\"en-GB\"},{\"@type\":\"Organization\",\"@id\":\"https:\/\/fgs.hr\/#organization\",\"name\":\"Feel Good Souvenirs\",\"url\":\"https:\/\/fgs.hr\/\",\"logo\":{\"@type\":\"ImageObject\",\"inLanguage\":\"en-GB\",\"@id\":\"https:\/\/fgs.hr\/#\/schema\/logo\/image\/\",\"url\":\"https:\/\/fgs.hr\/wp-content\/uploads\/2024\/01\/feelgood_logo_okrugli.png\",\"contentUrl\":\"https:\/\/fgs.hr\/wp-content\/uploads\/2024\/01\/feelgood_logo_okrugli.png\",\"width\":1618,\"height\":1615,\"caption\":\"Feel Good Souvenirs\"},\"image\":{\"@id\":\"https:\/\/fgs.hr\/#\/schema\/logo\/image\/\"}}]}<\/script>\n<!-- \/ Yoast SEO plugin. -->","yoast_head_json":{"title":"O nama - Feel Good Souvenirs","description":"My Souvenirs Split \u2013 mjesto gdje tradicija i kreativnost stvaraju autenti\u010dne suvenire Dalmacije. Kvaliteta i pri\u010da u svakom detalju.","robots":{"index":"index","follow":"follow","max-snippet":"max-snippet:-1","max-image-preview":"max-image-preview:large","max-video-preview":"max-video-preview:-1"},"canonical":"https:\/\/fgs.hr\/en\/o-nama-suveniri-split\/","og_locale":"en_GB","og_type":"article","og_title":"O nama - Feel Good Souvenirs","og_description":"My Souvenirs Split \u2013 mjesto gdje tradicija i kreativnost stvaraju autenti\u010dne suvenire Dalmacije. Kvaliteta i pri\u010da u svakom detalju.","og_url":"https:\/\/fgs.hr\/en\/o-nama-suveniri-split\/","og_site_name":"Feel Good Souvenirs","article_modified_time":"2025-10-26T18:49:23+00:00","og_image":[{"url":"https:\/\/fgs.hr\/wp-content\/uploads\/2024\/01\/feelgood_logo_okrugli-300x300.png","type":"","width":"","height":""}],"twitter_card":"summary_large_image","twitter_misc":{"Estimated reading time":"1 minute"},"schema":{"@context":"https:\/\/schema.org","@graph":[{"@type":"WebPage","@id":"https:\/\/fgs.hr\/o-nama-suveniri-split\/","url":"https:\/\/fgs.hr\/o-nama-suveniri-split\/","name":"O nama - Feel Good Souvenirs","isPartOf":{"@id":"https:\/\/fgs.hr\/#website"},"primaryImageOfPage":{"@id":"https:\/\/fgs.hr\/o-nama-suveniri-split\/#primaryimage"},"image":{"@id":"https:\/\/fgs.hr\/o-nama-suveniri-split\/#primaryimage"},"thumbnailUrl":"https:\/\/fgs.hr\/wp-content\/uploads\/2024\/01\/feelgood_logo_okrugli-300x300.png","datePublished":"2021-10-12T07:05:08+00:00","dateModified":"2025-10-26T18:49:23+00:00","description":"My Souvenirs Split \u2013 mjesto gdje tradicija i kreativnost stvaraju autenti\u010dne suvenire Dalmacije. Kvaliteta i pri\u010da u svakom detalju.","breadcrumb":{"@id":"https:\/\/fgs.hr\/o-nama-suveniri-split\/#breadcrumb"},"inLanguage":"en-GB","potentialAction":[{"@type":"ReadAction","target":["https:\/\/fgs.hr\/o-nama-suveniri-split\/"]}]},{"@type":"ImageObject","inLanguage":"en-GB","@id":"https:\/\/fgs.hr\/o-nama-suveniri-split\/#primaryimage","url":"https:\/\/fgs.hr\/wp-content\/uploads\/2024\/01\/feelgood_logo_okrugli-300x300.png","contentUrl":"https:\/\/fgs.hr\/wp-content\/uploads\/2024\/01\/feelgood_logo_okrugli-300x300.png"},{"@type":"BreadcrumbList","@id":"https:\/\/fgs.hr\/o-nama-suveniri-split\/#breadcrumb","itemListElement":[{"@type":"ListItem","position":1,"name":"Po\u010detna stranica","item":"https:\/\/fgs.hr\/"},{"@type":"ListItem","position":2,"name":"O nama"}]},{"@type":"WebSite","@id":"https:\/\/fgs.hr\/#website","url":"https:\/\/fgs.hr\/","name":"Feel Good Souvenirs","description":"My Souvenirs \u2013 Hrvatski suveniri koji pri\u010daju pri\u010du.","publisher":{"@id":"https:\/\/fgs.hr\/#organization"},"alternateName":"My Souvenirs","potentialAction":[{"@type":"SearchAction","target":{"@type":"EntryPoint","urlTemplate":"https:\/\/fgs.hr\/?s={search_term_string}"},"query-input":{"@type":"PropertyValueSpecification","valueRequired":true,"valueName":"search_term_string"}}],"inLanguage":"en-GB"},{"@type":"Organization","@id":"https:\/\/fgs.hr\/#organization","name":"Feel Good Souvenirs","url":"https:\/\/fgs.hr\/","logo":{"@type":"ImageObject","inLanguage":"en-GB","@id":"https:\/\/fgs.hr\/#\/schema\/logo\/image\/","url":"https:\/\/fgs.hr\/wp-content\/uploads\/2024\/01\/feelgood_logo_okrugli.png","contentUrl":"https:\/\/fgs.hr\/wp-content\/uploads\/2024\/01\/feelgood_logo_okrugli.png","width":1618,"height":1615,"caption":"Feel Good Souvenirs"},"image":{"@id":"https:\/\/fgs.hr\/#\/schema\/logo\/image\/"}}]}},"_links":{"self":[{"href":"https:\/\/fgs.hr\/en\/wp-json\/wp\/v2\/pages\/26","targetHints":{"allow":["GET"]}}],"collection":[{"href":"https:\/\/fgs.hr\/en\/wp-json\/wp\/v2\/pages"}],"about":[{"href":"https:\/\/fgs.hr\/en\/wp-json\/wp\/v2\/types\/page"}],"author":[{"embeddable":true,"href":"https:\/\/fgs.hr\/en\/wp-json\/wp\/v2\/users\/1"}],"replies":[{"embeddable":true,"href":"https:\/\/fgs.hr\/en\/wp-json\/wp\/v2\/comments?post=26"}],"version-history":[{"count":16,"href":"https:\/\/fgs.hr\/en\/wp-json\/wp\/v2\/pages\/26\/revisions"}],"predecessor-version":[{"id":13538,"href":"https:\/\/fgs.hr\/en\/wp-json\/wp\/v2\/pages\/26\/revisions\/13538"}],"wp:attachment":[{"href":"https:\/\/fgs.hr\/en\/wp-json\/wp\/v2\/media?parent=26"}],"curies":[{"name":"wp","href":"https:\/\/api.w.org\/{rel}","templated":true}]}}