{"id":13173,"date":"2025-08-05T13:35:02","date_gmt":"2025-08-05T11:35:02","guid":{"rendered":"https:\/\/fgs.hr\/?page_id=13173"},"modified":"2025-08-18T15:59:50","modified_gmt":"2025-08-18T13:59:50","slug":"uvjeti-koristenja-2","status":"publish","type":"page","link":"https:\/\/fgs.hr\/en\/uvjeti-koristenja-2\/","title":{"rendered":"Terms"},"content":{"rendered":"<div data-elementor-type=\"wp-page\" data-elementor-id=\"13173\" class=\"elementor elementor-13173\" data-elementor-post-type=\"page\">\n\t\t\t\t<div class=\"elementor-element elementor-element-086e263 e-flex e-con-boxed e-con e-parent\" data-id=\"086e263\" data-element_type=\"container\" data-e-type=\"container\">\n\t\t\t\t\t<div class=\"e-con-inner\">\n\t\t\t\t<div class=\"elementor-element elementor-element-dc39b98 elementor-widget elementor-widget-text-editor\" data-id=\"dc39b98\" data-element_type=\"widget\" data-e-type=\"widget\" data-widget_type=\"text-editor.default\">\n\t\t\t\t<div class=\"elementor-widget-container\">\n\t\t\t\t\t\t\t\t\t<h2 data-start=\"341\" data-end=\"390\">Za\u0161tita dizajna i intelektualnog vlasni\u0161tva<\/h2><p data-start=\"233\" data-end=\"494\">Svi proizvodi koje nudimo \u2013 uklju\u010duju\u0107i suvenire, majice, postere, \u0161alice, platnene torbe i druge artikle \u2013 za\u0161ti\u0107eni su u skladu s <strong data-start=\"365\" data-end=\"431\">Zakonom o autorskom pravu i srodnim pravima Republike Hrvatske<\/strong>, <strong data-start=\"433\" data-end=\"468\">Zakonom o industrijskom dizajnu<\/strong>, te <strong data-start=\"473\" data-end=\"491\">Zakonom o \u017eigu<\/strong>.<\/p><p data-start=\"496\" data-end=\"627\">Institucija nadle\u017ena za za\u0161titu intelektualnog vlasni\u0161tva u Hrvatskoj je:<br data-start=\"569\" data-end=\"572\" \/><strong data-start=\"572\" data-end=\"624\">Dr\u017eavni zavod za intelektualno vlasni\u0161tvo (DZIV)<\/strong>.<\/p><p data-start=\"629\" data-end=\"659\">To zna\u010di da niko nema pravo:<\/p><ul data-start=\"660\" data-end=\"868\"><li data-start=\"660\" data-end=\"703\"><p data-start=\"662\" data-end=\"703\">kopirati ili prepravljati na\u0161e dizajne,<\/p><\/li><li data-start=\"704\" data-end=\"753\"><p data-start=\"706\" data-end=\"753\">koristiti na\u0161e vizuale na drugim proizvodima,<\/p><\/li><li data-start=\"754\" data-end=\"804\"><p data-start=\"756\" data-end=\"804\">distribuirati artikle s imitacijom na\u0161eg rada,<\/p><\/li><li data-start=\"805\" data-end=\"868\"><p data-start=\"807\" data-end=\"868\">koristiti na\u0161e slike ili promotivne materijale bez dozvole.<\/p><\/li><\/ul><p data-start=\"870\" data-end=\"917\">Svaki poku\u0161aj povrede prava mo\u017ee rezultirati:<\/p><ul data-start=\"918\" data-end=\"1073\"><li data-start=\"918\" data-end=\"948\"><p data-start=\"920\" data-end=\"948\">opomenom (cease &amp; desist),<\/p><\/li><li data-start=\"949\" data-end=\"969\"><p data-start=\"951\" data-end=\"969\">prijavom DZIV-u,<\/p><\/li><li data-start=\"970\" data-end=\"1010\"><p data-start=\"972\" data-end=\"1010\">tu\u017ebom pred nadle\u017enim sudovima u RH,<\/p><\/li><li data-start=\"1011\" data-end=\"1073\"><p data-start=\"1013\" data-end=\"1073\">privremenom zabranom prodaje i zahtjevom za naknadu \u0161tete.<\/p><\/li><\/ul><h2 data-start=\"1075\" data-end=\"1092\">Europska unija<\/h2><p data-start=\"1093\" data-end=\"1168\">Na nivou Europske unije, na\u0161i dizajni i brend elementi za\u0161ti\u0107eni su kroz:<\/p><ul data-start=\"1169\" data-end=\"1373\"><li data-start=\"1169\" data-end=\"1240\"><p data-start=\"1171\" data-end=\"1240\"><strong data-start=\"1171\" data-end=\"1237\">Direktivu 2001\/29\/EZ o autorskom pravu u informati\u010dkom dru\u0161tvu<\/strong>,<\/p><\/li><li data-start=\"1241\" data-end=\"1293\"><p data-start=\"1243\" data-end=\"1293\"><strong data-start=\"1243\" data-end=\"1290\">Uredbu o \u017eigu Europske unije (EU 2017\/1001)<\/strong>,<\/p><\/li><li data-start=\"1294\" data-end=\"1373\"><p data-start=\"1296\" data-end=\"1373\"><strong data-start=\"1296\" data-end=\"1370\">Uredbu o registriranom i neregistriranom dizajnu Zajednice (EC 6\/2002)<\/strong>.<\/p><\/li><\/ul><p data-start=\"1375\" data-end=\"1522\">Institucija nadle\u017ena za formalnu za\u0161titu prava na razini EU je:<br data-start=\"1438\" data-end=\"1441\" \/><strong data-start=\"1441\" data-end=\"1496\">EUIPO \u2013 European Union Intellectual Property Office<\/strong> (Alicante, \u0160panjolska).<\/p><p data-start=\"1524\" data-end=\"1611\">Prava se ostvaruju i kroz <strong data-start=\"1550\" data-end=\"1572\">Sud Europske unije<\/strong> te nacionalne sudove dr\u017eava \u010dlanica.<\/p><p data-start=\"1613\" data-end=\"1780\">U praksi to zna\u010di da je svaka kopija, distribucija ili komercijalna upotreba na\u0161ih dizajna bez dozvole povreda autorskog i industrijskog prava koja mo\u017ee rezultirati:<\/p><ul data-start=\"1781\" data-end=\"2012\"><li data-start=\"1781\" data-end=\"1862\"><p data-start=\"1783\" data-end=\"1862\">uklanjanjem sadr\u017eaja s platformi (Etsy, Amazon, Instagram, Facebook, Google),<\/p><\/li><li data-start=\"1863\" data-end=\"1929\"><p data-start=\"1865\" data-end=\"1929\">privremenom ili trajnom zabranom kori\u0161tenja spornih proizvoda,<\/p><\/li><li data-start=\"1930\" data-end=\"1965\"><p data-start=\"1932\" data-end=\"1965\">nov\u010danim sankcijama i od\u0161tetom,<\/p><\/li><li data-start=\"1966\" data-end=\"2012\"><p data-start=\"1968\" data-end=\"2012\">sudskim postupkom u bilo kojoj \u010dlanici EU.<\/p><\/li><\/ul><p data-start=\"3844\" data-end=\"3955\">Hvala ti \u0161to po\u0161tuje\u0161 autorska prava.<br data-start=\"3881\" data-end=\"3884\" \/>Tvojom podr\u0161kom ne \u010duva\u0161 samo proizvod \u2013 \u010duva\u0161 i vrijednosti iza njega.<\/p>\t\t\t\t\t\t\t\t<\/div>\n\t\t\t\t<\/div>\n\t\t\t\t\t<\/div>\n\t\t\t\t<\/div>\n\t\t\t\t<\/div>","protected":false},"excerpt":{"rendered":"<p>Za\u0161tita dizajna i intelektualnog vlasni\u0161tva Svi proizvodi koje nudimo \u2013 uklju\u010duju\u0107i suvenire, majice, postere, \u0161alice, platnene torbe i druge artikle \u2013 za\u0161ti\u0107eni su u skladu&#8230;<\/p>","protected":false},"author":58,"featured_media":0,"parent":0,"menu_order":0,"comment_status":"closed","ping_status":"closed","template":"","meta":{"footnotes":""},"class_list":["post-13173","page","type-page","status-publish","hentry"],"yoast_head":"<!-- This site is optimized with the Yoast SEO plugin v27.2 - https:\/\/yoast.com\/product\/yoast-seo-wordpress\/ -->\n<title>Uvjeti kori\u0161tenja - Feel Good Souvenirs<\/title>\n<meta name=\"robots\" content=\"index, follow, max-snippet:-1, max-image-preview:large, max-video-preview:-1\" \/>\n<link rel=\"canonical\" href=\"https:\/\/fgs.hr\/en\/uvjeti-koristenja-2\/\" \/>\n<meta property=\"og:locale\" content=\"en_GB\" \/>\n<meta property=\"og:type\" content=\"article\" \/>\n<meta property=\"og:title\" content=\"Uvjeti kori\u0161tenja - Feel Good Souvenirs\" \/>\n<meta property=\"og:description\" content=\"Za\u0161tita dizajna i intelektualnog vlasni\u0161tva Svi proizvodi koje nudimo \u2013 uklju\u010duju\u0107i suvenire, majice, postere, \u0161alice, platnene torbe i druge artikle \u2013 za\u0161ti\u0107eni su u skladu...\" \/>\n<meta property=\"og:url\" content=\"https:\/\/fgs.hr\/en\/uvjeti-koristenja-2\/\" \/>\n<meta property=\"og:site_name\" content=\"Feel Good Souvenirs\" \/>\n<meta property=\"article:modified_time\" content=\"2025-08-18T13:59:50+00:00\" \/>\n<meta name=\"twitter:card\" content=\"summary_large_image\" \/>\n<meta name=\"twitter:label1\" content=\"Estimated reading time\" \/>\n\t<meta name=\"twitter:data1\" content=\"1 minute\" \/>\n<script type=\"application\/ld+json\" class=\"yoast-schema-graph\">{\"@context\":\"https:\/\/schema.org\",\"@graph\":[{\"@type\":\"WebPage\",\"@id\":\"https:\/\/fgs.hr\/uvjeti-koristenja-2\/\",\"url\":\"https:\/\/fgs.hr\/uvjeti-koristenja-2\/\",\"name\":\"Uvjeti kori\u0161tenja - Feel Good Souvenirs\",\"isPartOf\":{\"@id\":\"https:\/\/fgs.hr\/#website\"},\"datePublished\":\"2025-08-05T11:35:02+00:00\",\"dateModified\":\"2025-08-18T13:59:50+00:00\",\"breadcrumb\":{\"@id\":\"https:\/\/fgs.hr\/uvjeti-koristenja-2\/#breadcrumb\"},\"inLanguage\":\"en-GB\",\"potentialAction\":[{\"@type\":\"ReadAction\",\"target\":[\"https:\/\/fgs.hr\/uvjeti-koristenja-2\/\"]}]},{\"@type\":\"BreadcrumbList\",\"@id\":\"https:\/\/fgs.hr\/uvjeti-koristenja-2\/#breadcrumb\",\"itemListElement\":[{\"@type\":\"ListItem\",\"position\":1,\"name\":\"Po\u010detna stranica\",\"item\":\"https:\/\/fgs.hr\/\"},{\"@type\":\"ListItem\",\"position\":2,\"name\":\"Uvjeti kori\u0161tenja\"}]},{\"@type\":\"WebSite\",\"@id\":\"https:\/\/fgs.hr\/#website\",\"url\":\"https:\/\/fgs.hr\/\",\"name\":\"Feel Good Souvenirs\",\"description\":\"My Souvenirs \u2013 Hrvatski suveniri koji pri\u010daju pri\u010du.\",\"publisher\":{\"@id\":\"https:\/\/fgs.hr\/#organization\"},\"alternateName\":\"My Souvenirs\",\"potentialAction\":[{\"@type\":\"SearchAction\",\"target\":{\"@type\":\"EntryPoint\",\"urlTemplate\":\"https:\/\/fgs.hr\/?s={search_term_string}\"},\"query-input\":{\"@type\":\"PropertyValueSpecification\",\"valueRequired\":true,\"valueName\":\"search_term_string\"}}],\"inLanguage\":\"en-GB\"},{\"@type\":\"Organization\",\"@id\":\"https:\/\/fgs.hr\/#organization\",\"name\":\"Feel Good Souvenirs\",\"url\":\"https:\/\/fgs.hr\/\",\"logo\":{\"@type\":\"ImageObject\",\"inLanguage\":\"en-GB\",\"@id\":\"https:\/\/fgs.hr\/#\/schema\/logo\/image\/\",\"url\":\"https:\/\/fgs.hr\/wp-content\/uploads\/2024\/01\/feelgood_logo_okrugli.png\",\"contentUrl\":\"https:\/\/fgs.hr\/wp-content\/uploads\/2024\/01\/feelgood_logo_okrugli.png\",\"width\":1618,\"height\":1615,\"caption\":\"Feel Good Souvenirs\"},\"image\":{\"@id\":\"https:\/\/fgs.hr\/#\/schema\/logo\/image\/\"}}]}<\/script>\n<!-- \/ Yoast SEO plugin. -->","yoast_head_json":{"title":"Uvjeti kori\u0161tenja - Feel Good Souvenirs","robots":{"index":"index","follow":"follow","max-snippet":"max-snippet:-1","max-image-preview":"max-image-preview:large","max-video-preview":"max-video-preview:-1"},"canonical":"https:\/\/fgs.hr\/en\/uvjeti-koristenja-2\/","og_locale":"en_GB","og_type":"article","og_title":"Uvjeti kori\u0161tenja - Feel Good Souvenirs","og_description":"Za\u0161tita dizajna i intelektualnog vlasni\u0161tva Svi proizvodi koje nudimo \u2013 uklju\u010duju\u0107i suvenire, majice, postere, \u0161alice, platnene torbe i druge artikle \u2013 za\u0161ti\u0107eni su u skladu...","og_url":"https:\/\/fgs.hr\/en\/uvjeti-koristenja-2\/","og_site_name":"Feel Good Souvenirs","article_modified_time":"2025-08-18T13:59:50+00:00","twitter_card":"summary_large_image","twitter_misc":{"Estimated reading time":"1 minute"},"schema":{"@context":"https:\/\/schema.org","@graph":[{"@type":"WebPage","@id":"https:\/\/fgs.hr\/uvjeti-koristenja-2\/","url":"https:\/\/fgs.hr\/uvjeti-koristenja-2\/","name":"Uvjeti kori\u0161tenja - Feel Good Souvenirs","isPartOf":{"@id":"https:\/\/fgs.hr\/#website"},"datePublished":"2025-08-05T11:35:02+00:00","dateModified":"2025-08-18T13:59:50+00:00","breadcrumb":{"@id":"https:\/\/fgs.hr\/uvjeti-koristenja-2\/#breadcrumb"},"inLanguage":"en-GB","potentialAction":[{"@type":"ReadAction","target":["https:\/\/fgs.hr\/uvjeti-koristenja-2\/"]}]},{"@type":"BreadcrumbList","@id":"https:\/\/fgs.hr\/uvjeti-koristenja-2\/#breadcrumb","itemListElement":[{"@type":"ListItem","position":1,"name":"Po\u010detna stranica","item":"https:\/\/fgs.hr\/"},{"@type":"ListItem","position":2,"name":"Uvjeti kori\u0161tenja"}]},{"@type":"WebSite","@id":"https:\/\/fgs.hr\/#website","url":"https:\/\/fgs.hr\/","name":"Feel Good Souvenirs","description":"My Souvenirs \u2013 Hrvatski suveniri koji pri\u010daju pri\u010du.","publisher":{"@id":"https:\/\/fgs.hr\/#organization"},"alternateName":"My Souvenirs","potentialAction":[{"@type":"SearchAction","target":{"@type":"EntryPoint","urlTemplate":"https:\/\/fgs.hr\/?s={search_term_string}"},"query-input":{"@type":"PropertyValueSpecification","valueRequired":true,"valueName":"search_term_string"}}],"inLanguage":"en-GB"},{"@type":"Organization","@id":"https:\/\/fgs.hr\/#organization","name":"Feel Good Souvenirs","url":"https:\/\/fgs.hr\/","logo":{"@type":"ImageObject","inLanguage":"en-GB","@id":"https:\/\/fgs.hr\/#\/schema\/logo\/image\/","url":"https:\/\/fgs.hr\/wp-content\/uploads\/2024\/01\/feelgood_logo_okrugli.png","contentUrl":"https:\/\/fgs.hr\/wp-content\/uploads\/2024\/01\/feelgood_logo_okrugli.png","width":1618,"height":1615,"caption":"Feel Good Souvenirs"},"image":{"@id":"https:\/\/fgs.hr\/#\/schema\/logo\/image\/"}}]}},"_links":{"self":[{"href":"https:\/\/fgs.hr\/en\/wp-json\/wp\/v2\/pages\/13173","targetHints":{"allow":["GET"]}}],"collection":[{"href":"https:\/\/fgs.hr\/en\/wp-json\/wp\/v2\/pages"}],"about":[{"href":"https:\/\/fgs.hr\/en\/wp-json\/wp\/v2\/types\/page"}],"author":[{"embeddable":true,"href":"https:\/\/fgs.hr\/en\/wp-json\/wp\/v2\/users\/58"}],"replies":[{"embeddable":true,"href":"https:\/\/fgs.hr\/en\/wp-json\/wp\/v2\/comments?post=13173"}],"version-history":[{"count":6,"href":"https:\/\/fgs.hr\/en\/wp-json\/wp\/v2\/pages\/13173\/revisions"}],"predecessor-version":[{"id":13245,"href":"https:\/\/fgs.hr\/en\/wp-json\/wp\/v2\/pages\/13173\/revisions\/13245"}],"wp:attachment":[{"href":"https:\/\/fgs.hr\/en\/wp-json\/wp\/v2\/media?parent=13173"}],"curies":[{"name":"wp","href":"https:\/\/api.w.org\/{rel}","templated":true}]}}