{"id":12213,"date":"2024-08-09T13:01:35","date_gmt":"2024-08-09T11:01:35","guid":{"rendered":"https:\/\/fgs.hr\/?page_id=12213"},"modified":"2025-11-06T12:50:01","modified_gmt":"2025-11-06T11:50:01","slug":"shop-2","status":"publish","type":"page","link":"https:\/\/fgs.hr\/en\/shop-2\/","title":{"rendered":"shop"},"content":{"rendered":"<div data-elementor-type=\"wp-page\" data-elementor-id=\"12213\" class=\"elementor elementor-12213\" data-elementor-post-type=\"page\">\n\t\t\t\t<div class=\"elementor-element elementor-element-0bf82ec e-flex e-con-boxed e-con e-parent\" data-id=\"0bf82ec\" data-element_type=\"container\" data-e-type=\"container\">\n\t\t\t\t\t<div class=\"e-con-inner\">\n\t\t\t\t\t<\/div>\n\t\t\t\t<\/div>\n\t\t<div class=\"elementor-element elementor-element-9b43867 e-flex e-con-boxed e-con e-parent\" data-id=\"9b43867\" data-element_type=\"container\" data-e-type=\"container\">\n\t\t\t\t\t<div class=\"e-con-inner\">\n\t\t\t\t<div class=\"elementor-element elementor-element-db5aa56 elementor-align-center elementor-widget elementor-widget-etheme_advanced_headline\" data-id=\"db5aa56\" data-element_type=\"widget\" data-e-type=\"widget\" data-widget_type=\"etheme_advanced_headline.default\">\n\t\t\t\t<div class=\"elementor-widget-container\">\n\t\t\t\t\t        \n        <div class=\"etheme-a-h-wrapper\">\n        \n                            <span class=\"etheme-a-h-text-before\">\n                    Pogledaj sve kategorije                <\/span>\n            \n\t\t\t\n        <h2 class=\"etheme-advanced-headline etheme-advanced-headline-mask\">\n\n            KUPUJ SA OSMIJEHOM\n        <\/h2>\n\t\t\n                            <p class=\"etheme-a-h-text-after\">\n                    Vidite pregr\u0161t na\u0161ih proizvoda ekskluzivno na na\u0161oj stranici.                <\/p>\n                    \n        <\/div>\n        \n\t\t\t\t\t\t<\/div>\n\t\t\t\t<\/div>\n\t\t\t\t\t<\/div>\n\t\t\t\t<\/div>\n\t\t<div class=\"elementor-element elementor-element-0fb4c13 e-con-full e-flex e-con e-parent\" data-id=\"0fb4c13\" data-element_type=\"container\" data-e-type=\"container\">\n\t\t\t\t<div class=\"elementor-element elementor-element-99f1359 elementor-widget elementor-widget-etheme_categories\" data-id=\"99f1359\" data-element_type=\"widget\" data-e-type=\"widget\" data-widget_type=\"etheme_categories.default\">\n\t\t\t\t<div class=\"elementor-widget-container\">\n\t\t\t\t\t\t\t\t        <link rel=\"stylesheet\" href=\"https:\/\/fgs.hr\/wp-content\/themes\/xstore\/css\/modules\/woocommerce\/global.min.css?ver=1.0\" type=\"text\/css\" media=\"all\" \/> \t\t        <link rel=\"stylesheet\" href=\"https:\/\/fgs.hr\/wp-content\/themes\/xstore\/css\/modules\/woocommerce\/archive.min.css?ver=1.0\" type=\"text\/css\" media=\"all\" \/> \t\t        <link rel=\"stylesheet\" href=\"https:\/\/fgs.hr\/wp-content\/themes\/xstore\/css\/modules\/builders\/categories-carousel.min.css?ver=1.0\" type=\"text\/css\" media=\"all\" \/> \t\t        <link rel=\"stylesheet\" href=\"https:\/\/fgs.hr\/wp-content\/themes\/xstore\/css\/modules\/builders\/elementor\/categories.min.css?ver=1.0\" type=\"text\/css\" media=\"all\" \/> \t\t\n                <div class=\"swiper-entry\">\n\n                    <div class=\"slider-5099 categories-grid row\" >\n\t\t\t\t\t\t\n\t\t\t\t\t\t    <div class=\"category-grid col-xs-12 col-sm-3 columns-4 text-color-dark valign-center style-classic content-under product-category product\"\t\tdata-hover=\"zoom-in\">\r\n\t\t<a aria-label=\"Visit product category Kerami\u010dke \u0161alice\" href=\"https:\/\/fgs.hr\/en\/product-category\/keramicke-salice-suveniri\/\" data-no-translation-aria-label=\"\"><img loading=\"lazy\" decoding=\"async\" src=\"https:\/\/fgs.hr\/wp-content\/uploads\/2024\/08\/casa20kratka20pastel20boje20-300x300.jpg\" alt=\"Kerami\u010dke \u0161alice\" width=\"300\" height=\"300\" srcset=\"https:\/\/fgs.hr\/wp-content\/uploads\/2024\/08\/casa20kratka20pastel20boje20-300x300.jpg 300w, https:\/\/fgs.hr\/wp-content\/uploads\/2024\/08\/casa20kratka20pastel20boje20-150x150.jpg 150w, https:\/\/fgs.hr\/wp-content\/uploads\/2024\/08\/casa20kratka20pastel20boje20-11x12.jpg 11w, https:\/\/fgs.hr\/wp-content\/uploads\/2024\/08\/casa20kratka20pastel20boje20-100x100.jpg 100w, https:\/\/fgs.hr\/wp-content\/uploads\/2024\/08\/casa20kratka20pastel20boje20-1x1.jpg 1w, https:\/\/fgs.hr\/wp-content\/uploads\/2024\/08\/casa20kratka20pastel20boje20-10x10.jpg 10w\" sizes=\"auto, (max-width: 300px) 100vw, 300px\" \/><\/a>\r\n        <div class=\"categories-mask text-center text-uppercase\">\r\n\t\t\t\t\t\t\t<a aria-label=\"Visit product category Kerami\u010dke \u0161alice\" href=\"https:\/\/fgs.hr\/en\/product-category\/keramicke-salice-suveniri\/\" data-no-translation-aria-label=\"\">                        <h4>Kerami\u010dke \u0161alice<\/h4>\r\n                    <\/a>\t\t\t\t\t\t\t<a aria-label=\"Visit product category Kerami\u010dke \u0161alice\" href=\"https:\/\/fgs.hr\/en\/product-category\/keramicke-salice-suveniri\/\" data-no-translation-aria-label=\"\"> <mark class=\"count\">11 products<\/mark><\/a>\t\t\t        <\/div>\r\n\t\t\r\n\t\t    \r\n    \r\n    <\/div>\r\n\r\n    <div class=\"category-grid col-xs-12 col-sm-3 columns-4 text-color-dark valign-center style-classic content-under product-category product last\"\t\tdata-hover=\"zoom-in\">\r\n\t\t<a aria-label=\"Visit product category Staklene \u010da\u0161e\" href=\"https:\/\/fgs.hr\/en\/product-category\/staklene-case-suveniri\/\" data-no-translation-aria-label=\"\"><img loading=\"lazy\" decoding=\"async\" src=\"https:\/\/fgs.hr\/wp-content\/uploads\/2025\/10\/Sarajevo-15-300x300.png\" alt=\"Staklene \u010da\u0161e\" width=\"300\" height=\"300\" srcset=\"https:\/\/fgs.hr\/wp-content\/uploads\/2025\/10\/Sarajevo-15-300x300.png 300w, https:\/\/fgs.hr\/wp-content\/uploads\/2025\/10\/Sarajevo-15-150x150.png 150w, https:\/\/fgs.hr\/wp-content\/uploads\/2025\/10\/Sarajevo-15-12x12.png 12w, https:\/\/fgs.hr\/wp-content\/uploads\/2025\/10\/Sarajevo-15-100x100.png 100w, https:\/\/fgs.hr\/wp-content\/uploads\/2025\/10\/Sarajevo-15-1x1.png 1w, https:\/\/fgs.hr\/wp-content\/uploads\/2025\/10\/Sarajevo-15-10x10.png 10w, https:\/\/fgs.hr\/wp-content\/uploads\/2025\/10\/Sarajevo-15.png 500w\" sizes=\"auto, (max-width: 300px) 100vw, 300px\" \/><\/a>\r\n        <div class=\"categories-mask text-center text-uppercase\">\r\n\t\t\t\t\t\t\t<a aria-label=\"Visit product category Staklene \u010da\u0161e\" href=\"https:\/\/fgs.hr\/en\/product-category\/staklene-case-suveniri\/\" data-no-translation-aria-label=\"\">                        <h4>Staklene \u010da\u0161e<\/h4>\r\n                    <\/a>\t\t\t\t\t\t\t<a aria-label=\"Visit product category Staklene \u010da\u0161e\" href=\"https:\/\/fgs.hr\/en\/product-category\/staklene-case-suveniri\/\" data-no-translation-aria-label=\"\"> <mark class=\"count\">5 products<\/mark><\/a>\t\t\t        <\/div>\r\n\t\t\r\n\t\t    \r\n    \r\n    <\/div>\r\n\r\n    <div class=\"category-grid col-xs-12 col-sm-3 columns-4 text-color-dark valign-center style-classic content-under product-category product\"\t\tdata-hover=\"zoom-in\">\r\n\t\t<a aria-label=\"Visit product category Magneti\" href=\"https:\/\/fgs.hr\/en\/product-category\/magneti-suveniri\/\" data-no-translation-aria-label=\"\"><img loading=\"lazy\" decoding=\"async\" src=\"https:\/\/fgs.hr\/wp-content\/uploads\/2024\/07\/SPLIT-My-Souvenirs-1-300x300.png\" alt=\"Magneti\" width=\"300\" height=\"300\" srcset=\"https:\/\/fgs.hr\/wp-content\/uploads\/2024\/07\/SPLIT-My-Souvenirs-1-300x300.png 300w, https:\/\/fgs.hr\/wp-content\/uploads\/2024\/07\/SPLIT-My-Souvenirs-1-150x150.png 150w, https:\/\/fgs.hr\/wp-content\/uploads\/2024\/07\/SPLIT-My-Souvenirs-1-11x12.png 11w, https:\/\/fgs.hr\/wp-content\/uploads\/2024\/07\/SPLIT-My-Souvenirs-1-100x100.png 100w, https:\/\/fgs.hr\/wp-content\/uploads\/2024\/07\/SPLIT-My-Souvenirs-1-1x1.png 1w, https:\/\/fgs.hr\/wp-content\/uploads\/2024\/07\/SPLIT-My-Souvenirs-1-10x10.png 10w\" sizes=\"auto, (max-width: 300px) 100vw, 300px\" \/><\/a>\r\n        <div class=\"categories-mask text-center text-uppercase\">\r\n\t\t\t\t\t\t\t<a aria-label=\"Visit product category Magneti\" href=\"https:\/\/fgs.hr\/en\/product-category\/magneti-suveniri\/\" data-no-translation-aria-label=\"\">                        <h4>Magneti<\/h4>\r\n                    <\/a>\t\t\t\t\t\t\t<a aria-label=\"Visit product category Magneti\" href=\"https:\/\/fgs.hr\/en\/product-category\/magneti-suveniri\/\" data-no-translation-aria-label=\"\"> <mark class=\"count\">15 products<\/mark><\/a>\t\t\t        <\/div>\r\n\t\t\r\n\t\t    \r\n    \r\n    <\/div>\r\n\r\n    <div class=\"category-grid col-xs-12 col-sm-3 columns-4 text-color-dark valign-center style-classic content-under product-category product last\"\t\tdata-hover=\"zoom-in\">\r\n\t\t<a aria-label=\"Visit product category Kondomi\" href=\"https:\/\/fgs.hr\/en\/product-category\/kondomi-suveniri\/\" data-no-translation-aria-label=\"\"><img loading=\"lazy\" decoding=\"async\" src=\"https:\/\/fgs.hr\/wp-content\/uploads\/2024\/07\/M85-300x300.jpg\" alt=\"Kondomi\" width=\"300\" height=\"300\" srcset=\"https:\/\/fgs.hr\/wp-content\/uploads\/2024\/07\/M85-300x300.jpg 300w, https:\/\/fgs.hr\/wp-content\/uploads\/2024\/07\/M85-150x150.jpg 150w, https:\/\/fgs.hr\/wp-content\/uploads\/2024\/07\/M85-11x12.jpg 11w, https:\/\/fgs.hr\/wp-content\/uploads\/2024\/07\/M85-100x100.jpg 100w, https:\/\/fgs.hr\/wp-content\/uploads\/2024\/07\/M85-1x1.jpg 1w, https:\/\/fgs.hr\/wp-content\/uploads\/2024\/07\/M85-10x10.jpg 10w\" sizes=\"auto, (max-width: 300px) 100vw, 300px\" \/><\/a>\r\n        <div class=\"categories-mask text-center text-uppercase\">\r\n\t\t\t\t\t\t\t<a aria-label=\"Visit product category Kondomi\" href=\"https:\/\/fgs.hr\/en\/product-category\/kondomi-suveniri\/\" data-no-translation-aria-label=\"\">                        <h4>Kondomi<\/h4>\r\n                    <\/a>\t\t\t\t\t\t\t<a aria-label=\"Visit product category Kondomi\" href=\"https:\/\/fgs.hr\/en\/product-category\/kondomi-suveniri\/\" data-no-translation-aria-label=\"\"> <mark class=\"count\">14 products<\/mark><\/a>\t\t\t        <\/div>\r\n\t\t\r\n\t\t    \r\n    \r\n    <\/div>\r\n\r\n    <div class=\"category-grid col-xs-12 col-sm-3 columns-4 text-color-dark valign-center style-classic content-under product-category product\"\t\tdata-hover=\"zoom-in\">\r\n\t\t<a aria-label=\"Visit product category Ostalo\" href=\"https:\/\/fgs.hr\/en\/product-category\/ostalo-suveniri\/\" data-no-translation-aria-label=\"\"><img loading=\"lazy\" decoding=\"async\" src=\"https:\/\/fgs.hr\/wp-content\/uploads\/2024\/07\/M1-300x300.jpg\" alt=\"Ostalo\" width=\"300\" height=\"300\" srcset=\"https:\/\/fgs.hr\/wp-content\/uploads\/2024\/07\/M1-300x300.jpg 300w, https:\/\/fgs.hr\/wp-content\/uploads\/2024\/07\/M1-150x150.jpg 150w, https:\/\/fgs.hr\/wp-content\/uploads\/2024\/07\/M1-11x12.jpg 11w, https:\/\/fgs.hr\/wp-content\/uploads\/2024\/07\/M1-100x100.jpg 100w, https:\/\/fgs.hr\/wp-content\/uploads\/2024\/07\/M1-1x1.jpg 1w, https:\/\/fgs.hr\/wp-content\/uploads\/2024\/07\/M1-10x10.jpg 10w\" sizes=\"auto, (max-width: 300px) 100vw, 300px\" \/><\/a>\r\n        <div class=\"categories-mask text-center text-uppercase\">\r\n\t\t\t\t\t\t\t<a aria-label=\"Visit product category Ostalo\" href=\"https:\/\/fgs.hr\/en\/product-category\/ostalo-suveniri\/\" data-no-translation-aria-label=\"\">                        <h4>Ostalo<\/h4>\r\n                    <\/a>\t\t\t\t\t\t\t<a aria-label=\"Visit product category Ostalo\" href=\"https:\/\/fgs.hr\/en\/product-category\/ostalo-suveniri\/\" data-no-translation-aria-label=\"\"> <mark class=\"count\">19 products<\/mark><\/a>\t\t\t        <\/div>\r\n\t\t\r\n\t\t    \r\n    \r\n    <\/div>\r\n\r\n    <div class=\"category-grid col-xs-12 col-sm-3 columns-4 text-color-dark valign-center style-classic content-under product-category product last\"\t\tdata-hover=\"zoom-in\">\r\n\t\t<a aria-label=\"Visit product category Upalja\u010di\" href=\"https:\/\/fgs.hr\/en\/product-category\/upaljaci-suveniri\/\" data-no-translation-aria-label=\"\"><img loading=\"lazy\" decoding=\"async\" src=\"https:\/\/fgs.hr\/wp-content\/uploads\/2024\/07\/M71-300x300.jpg\" alt=\"Upalja\u010di\" width=\"300\" height=\"300\" srcset=\"https:\/\/fgs.hr\/wp-content\/uploads\/2024\/07\/M71-300x300.jpg 300w, https:\/\/fgs.hr\/wp-content\/uploads\/2024\/07\/M71-150x150.jpg 150w, https:\/\/fgs.hr\/wp-content\/uploads\/2024\/07\/M71-11x12.jpg 11w, https:\/\/fgs.hr\/wp-content\/uploads\/2024\/07\/M71-100x100.jpg 100w, https:\/\/fgs.hr\/wp-content\/uploads\/2024\/07\/M71-1x1.jpg 1w, https:\/\/fgs.hr\/wp-content\/uploads\/2024\/07\/M71-10x10.jpg 10w\" sizes=\"auto, (max-width: 300px) 100vw, 300px\" \/><\/a>\r\n        <div class=\"categories-mask text-center text-uppercase\">\r\n\t\t\t\t\t\t\t<a aria-label=\"Visit product category Upalja\u010di\" href=\"https:\/\/fgs.hr\/en\/product-category\/upaljaci-suveniri\/\" data-no-translation-aria-label=\"\">                        <h4>Upalja\u010di<\/h4>\r\n                    <\/a>\t\t\t\t\t\t\t<a aria-label=\"Visit product category Upalja\u010di\" href=\"https:\/\/fgs.hr\/en\/product-category\/upaljaci-suveniri\/\" data-no-translation-aria-label=\"\"> <mark class=\"count\">9 products<\/mark><\/a>\t\t\t        <\/div>\r\n\t\t\r\n\t\t    \r\n    \r\n    <\/div>\r\n\r\n    <div class=\"category-grid col-xs-12 col-sm-3 columns-4 text-color-dark valign-center style-classic content-under product-category product\"\t\tdata-hover=\"zoom-in\">\r\n\t\t<a aria-label=\"Visit product category Tekstil\" href=\"https:\/\/fgs.hr\/en\/product-category\/tekstil-suveniri\/\" data-no-translation-aria-label=\"\"><img loading=\"lazy\" decoding=\"async\" src=\"https:\/\/fgs.hr\/wp-content\/uploads\/2024\/07\/M55-1-300x300.jpg\" alt=\"Tekstil\" width=\"300\" height=\"300\" srcset=\"https:\/\/fgs.hr\/wp-content\/uploads\/2024\/07\/M55-1-300x300.jpg 300w, https:\/\/fgs.hr\/wp-content\/uploads\/2024\/07\/M55-1-150x150.jpg 150w, https:\/\/fgs.hr\/wp-content\/uploads\/2024\/07\/M55-1-11x12.jpg 11w, https:\/\/fgs.hr\/wp-content\/uploads\/2024\/07\/M55-1-100x100.jpg 100w, https:\/\/fgs.hr\/wp-content\/uploads\/2024\/07\/M55-1-1x1.jpg 1w, https:\/\/fgs.hr\/wp-content\/uploads\/2024\/07\/M55-1-10x10.jpg 10w\" sizes=\"auto, (max-width: 300px) 100vw, 300px\" \/><\/a>\r\n        <div class=\"categories-mask text-center text-uppercase\">\r\n\t\t\t\t\t\t\t<a aria-label=\"Visit product category Tekstil\" href=\"https:\/\/fgs.hr\/en\/product-category\/tekstil-suveniri\/\" data-no-translation-aria-label=\"\">                        <h4>Tekstil<\/h4>\r\n                    <\/a>\t\t\t\t\t\t\t\t\t\t        <\/div>\r\n\t\t\r\n\t\t    \r\n    \r\n    <\/div>\r\n\r\n    <div class=\"category-grid col-xs-12 col-sm-3 columns-4 text-color-dark valign-center style-classic content-under product-category product last\"\t\tdata-hover=\"zoom-in\">\r\n\t\t<a aria-label=\"Visit product category Igra\u010dke\" href=\"https:\/\/fgs.hr\/en\/product-category\/igracke-suveniri\/\" data-no-translation-aria-label=\"\"><img loading=\"lazy\" decoding=\"async\" src=\"https:\/\/fgs.hr\/wp-content\/uploads\/2024\/07\/M35-300x300.jpg\" alt=\"Igra\u010dke\" width=\"300\" height=\"300\" srcset=\"https:\/\/fgs.hr\/wp-content\/uploads\/2024\/07\/M35-300x300.jpg 300w, https:\/\/fgs.hr\/wp-content\/uploads\/2024\/07\/M35-150x150.jpg 150w, https:\/\/fgs.hr\/wp-content\/uploads\/2024\/07\/M35-11x12.jpg 11w, https:\/\/fgs.hr\/wp-content\/uploads\/2024\/07\/M35-100x100.jpg 100w, https:\/\/fgs.hr\/wp-content\/uploads\/2024\/07\/M35-1x1.jpg 1w, https:\/\/fgs.hr\/wp-content\/uploads\/2024\/07\/M35-10x10.jpg 10w\" sizes=\"auto, (max-width: 300px) 100vw, 300px\" \/><\/a>\r\n        <div class=\"categories-mask text-center text-uppercase\">\r\n\t\t\t\t\t\t\t<a aria-label=\"Visit product category Igra\u010dke\" href=\"https:\/\/fgs.hr\/en\/product-category\/igracke-suveniri\/\" data-no-translation-aria-label=\"\">                        <h4>Igra\u010dke<\/h4>\r\n                    <\/a>\t\t\t\t\t\t\t\t\t\t        <\/div>\r\n\t\t\r\n\t\t    \r\n    \r\n    <\/div>\r\n\r\n    <div class=\"category-grid col-xs-12 col-sm-3 columns-4 text-color-dark valign-center style-classic content-under product-category product\"\t\tdata-hover=\"zoom-in\">\r\n\t\t<a aria-label=\"Visit product category Majice\" href=\"https:\/\/fgs.hr\/en\/product-category\/majice-suveniri\/\" data-no-translation-aria-label=\"\"><img loading=\"lazy\" decoding=\"async\" src=\"https:\/\/fgs.hr\/wp-content\/uploads\/2024\/07\/M41-300x300.jpg\" alt=\"Majice\" width=\"300\" height=\"300\" srcset=\"https:\/\/fgs.hr\/wp-content\/uploads\/2024\/07\/M41-300x300.jpg 300w, https:\/\/fgs.hr\/wp-content\/uploads\/2024\/07\/M41-150x150.jpg 150w, https:\/\/fgs.hr\/wp-content\/uploads\/2024\/07\/M41-11x12.jpg 11w, https:\/\/fgs.hr\/wp-content\/uploads\/2024\/07\/M41-100x100.jpg 100w, https:\/\/fgs.hr\/wp-content\/uploads\/2024\/07\/M41-1x1.jpg 1w, https:\/\/fgs.hr\/wp-content\/uploads\/2024\/07\/M41-10x10.jpg 10w\" sizes=\"auto, (max-width: 300px) 100vw, 300px\" \/><\/a>\r\n        <div class=\"categories-mask text-center text-uppercase\">\r\n\t\t\t\t\t\t\t<a aria-label=\"Visit product category Majice\" href=\"https:\/\/fgs.hr\/en\/product-category\/majice-suveniri\/\" data-no-translation-aria-label=\"\">                        <h4>Majice<\/h4>\r\n                    <\/a>\t\t\t\t\t\t\t\t\t\t        <\/div>\r\n\t\t\r\n\t\t    \r\n    \r\n    <\/div>\r\n\r\n    <div class=\"category-grid col-xs-12 col-sm-3 columns-4 text-color-dark valign-center style-classic content-under product-category product last\"\t\tdata-hover=\"zoom-in\">\r\n\t\t<a aria-label=\"Visit product category Dukse\" href=\"https:\/\/fgs.hr\/en\/product-category\/duske-suveniri\/\" data-no-translation-aria-label=\"\"><img loading=\"lazy\" decoding=\"async\" src=\"https:\/\/fgs.hr\/wp-content\/uploads\/2024\/07\/M50-300x300.jpg\" alt=\"Dukse\" width=\"300\" height=\"300\" srcset=\"https:\/\/fgs.hr\/wp-content\/uploads\/2024\/07\/M50-300x300.jpg 300w, https:\/\/fgs.hr\/wp-content\/uploads\/2024\/07\/M50-150x150.jpg 150w, https:\/\/fgs.hr\/wp-content\/uploads\/2024\/07\/M50-11x12.jpg 11w, https:\/\/fgs.hr\/wp-content\/uploads\/2024\/07\/M50-100x100.jpg 100w, https:\/\/fgs.hr\/wp-content\/uploads\/2024\/07\/M50-1x1.jpg 1w, https:\/\/fgs.hr\/wp-content\/uploads\/2024\/07\/M50-10x10.jpg 10w\" sizes=\"auto, (max-width: 300px) 100vw, 300px\" \/><\/a>\r\n        <div class=\"categories-mask text-center text-uppercase\">\r\n\t\t\t\t\t\t\t<a aria-label=\"Visit product category Dukse\" href=\"https:\/\/fgs.hr\/en\/product-category\/duske-suveniri\/\" data-no-translation-aria-label=\"\">                        <h4>Dukse<\/h4>\r\n                    <\/a>\t\t\t\t\t\t\t<a aria-label=\"Visit product category Dukse\" href=\"https:\/\/fgs.hr\/en\/product-category\/duske-suveniri\/\" data-no-translation-aria-label=\"\"> <mark class=\"count\">2 products<\/mark><\/a>\t\t\t        <\/div>\r\n\t\t\r\n\t\t    \r\n    \r\n    <\/div>\r\n\r\n\t\t\t\t\t\t\n\t\t\t\t\t\t\n                    <\/div> \t\t\t\t\t\n\t\t\t\t\t\n                <\/div>                 \n                \t\t\t\t\n\t\t\t\t\t\t\t\t<\/div>\n\t\t\t\t<\/div>\n\t\t\t\t<\/div>\n\t\t\t\t<\/div>","protected":false},"excerpt":{"rendered":"<p>Pogledaj sve kategorije KUPUJ SA OSMIJEHOM Vidite pregr\u0161t na\u0161ih proizvoda ekskluzivno na na\u0161oj stranici. Kerami\u010dke \u0161alice 11 products Staklene \u010da\u0161e 7 products Magneti 15 products&#8230;<\/p>","protected":false},"author":1,"featured_media":0,"parent":0,"menu_order":0,"comment_status":"closed","ping_status":"closed","template":"","meta":{"footnotes":""},"class_list":["post-12213","page","type-page","status-publish","hentry"],"yoast_head":"<!-- This site is optimized with the Yoast SEO plugin v27.2 - https:\/\/yoast.com\/product\/yoast-seo-wordpress\/ -->\n<title>shop - Feel Good Souvenirs<\/title>\n<meta name=\"robots\" content=\"index, follow, max-snippet:-1, max-image-preview:large, max-video-preview:-1\" \/>\n<link rel=\"canonical\" href=\"https:\/\/fgs.hr\/en\/shop-2\/\" \/>\n<meta property=\"og:locale\" content=\"en_GB\" \/>\n<meta property=\"og:type\" content=\"article\" \/>\n<meta property=\"og:title\" content=\"shop - Feel Good Souvenirs\" \/>\n<meta property=\"og:description\" content=\"Pogledaj sve kategorije KUPUJ SA OSMIJEHOM Vidite pregr\u0161t na\u0161ih proizvoda ekskluzivno na na\u0161oj stranici. Kerami\u010dke \u0161alice 11 products Staklene \u010da\u0161e 7 products Magneti 15 products...\" \/>\n<meta property=\"og:url\" content=\"https:\/\/fgs.hr\/en\/shop-2\/\" \/>\n<meta property=\"og:site_name\" content=\"Feel Good Souvenirs\" \/>\n<meta property=\"article:modified_time\" content=\"2025-11-06T11:50:01+00:00\" \/>\n<meta property=\"og:image\" content=\"https:\/\/fgs.hr\/wp-content\/uploads\/2024\/08\/casa20kratka20pastel20boje20-300x300.jpg\" \/>\n<meta name=\"twitter:card\" content=\"summary_large_image\" \/>\n<meta name=\"twitter:label1\" content=\"Estimated reading time\" \/>\n\t<meta name=\"twitter:data1\" content=\"3 minutes\" \/>\n<script type=\"application\/ld+json\" class=\"yoast-schema-graph\">{\"@context\":\"https:\/\/schema.org\",\"@graph\":[{\"@type\":\"WebPage\",\"@id\":\"https:\/\/fgs.hr\/shop-2\/\",\"url\":\"https:\/\/fgs.hr\/shop-2\/\",\"name\":\"shop - Feel Good Souvenirs\",\"isPartOf\":{\"@id\":\"https:\/\/fgs.hr\/#website\"},\"primaryImageOfPage\":{\"@id\":\"https:\/\/fgs.hr\/shop-2\/#primaryimage\"},\"image\":{\"@id\":\"https:\/\/fgs.hr\/shop-2\/#primaryimage\"},\"thumbnailUrl\":\"https:\/\/fgs.hr\/wp-content\/uploads\/2024\/08\/casa20kratka20pastel20boje20-300x300.jpg\",\"datePublished\":\"2024-08-09T11:01:35+00:00\",\"dateModified\":\"2025-11-06T11:50:01+00:00\",\"breadcrumb\":{\"@id\":\"https:\/\/fgs.hr\/shop-2\/#breadcrumb\"},\"inLanguage\":\"en-GB\",\"potentialAction\":[{\"@type\":\"ReadAction\",\"target\":[\"https:\/\/fgs.hr\/shop-2\/\"]}]},{\"@type\":\"ImageObject\",\"inLanguage\":\"en-GB\",\"@id\":\"https:\/\/fgs.hr\/shop-2\/#primaryimage\",\"url\":\"https:\/\/fgs.hr\/wp-content\/uploads\/2024\/08\/casa20kratka20pastel20boje20-300x300.jpg\",\"contentUrl\":\"https:\/\/fgs.hr\/wp-content\/uploads\/2024\/08\/casa20kratka20pastel20boje20-300x300.jpg\"},{\"@type\":\"BreadcrumbList\",\"@id\":\"https:\/\/fgs.hr\/shop-2\/#breadcrumb\",\"itemListElement\":[{\"@type\":\"ListItem\",\"position\":1,\"name\":\"Po\u010detna stranica\",\"item\":\"https:\/\/fgs.hr\/\"},{\"@type\":\"ListItem\",\"position\":2,\"name\":\"shop\"}]},{\"@type\":\"WebSite\",\"@id\":\"https:\/\/fgs.hr\/#website\",\"url\":\"https:\/\/fgs.hr\/\",\"name\":\"Feel Good Souvenirs\",\"description\":\"My Souvenirs \u2013 Hrvatski suveniri koji pri\u010daju pri\u010du.\",\"publisher\":{\"@id\":\"https:\/\/fgs.hr\/#organization\"},\"alternateName\":\"My Souvenirs\",\"potentialAction\":[{\"@type\":\"SearchAction\",\"target\":{\"@type\":\"EntryPoint\",\"urlTemplate\":\"https:\/\/fgs.hr\/?s={search_term_string}\"},\"query-input\":{\"@type\":\"PropertyValueSpecification\",\"valueRequired\":true,\"valueName\":\"search_term_string\"}}],\"inLanguage\":\"en-GB\"},{\"@type\":\"Organization\",\"@id\":\"https:\/\/fgs.hr\/#organization\",\"name\":\"Feel Good Souvenirs\",\"url\":\"https:\/\/fgs.hr\/\",\"logo\":{\"@type\":\"ImageObject\",\"inLanguage\":\"en-GB\",\"@id\":\"https:\/\/fgs.hr\/#\/schema\/logo\/image\/\",\"url\":\"https:\/\/fgs.hr\/wp-content\/uploads\/2024\/01\/feelgood_logo_okrugli.png\",\"contentUrl\":\"https:\/\/fgs.hr\/wp-content\/uploads\/2024\/01\/feelgood_logo_okrugli.png\",\"width\":1618,\"height\":1615,\"caption\":\"Feel Good Souvenirs\"},\"image\":{\"@id\":\"https:\/\/fgs.hr\/#\/schema\/logo\/image\/\"}}]}<\/script>\n<!-- \/ Yoast SEO plugin. -->","yoast_head_json":{"title":"shop - Feel Good Souvenirs","robots":{"index":"index","follow":"follow","max-snippet":"max-snippet:-1","max-image-preview":"max-image-preview:large","max-video-preview":"max-video-preview:-1"},"canonical":"https:\/\/fgs.hr\/en\/shop-2\/","og_locale":"en_GB","og_type":"article","og_title":"shop - Feel Good Souvenirs","og_description":"Pogledaj sve kategorije KUPUJ SA OSMIJEHOM Vidite pregr\u0161t na\u0161ih proizvoda ekskluzivno na na\u0161oj stranici. Kerami\u010dke \u0161alice 11 products Staklene \u010da\u0161e 7 products Magneti 15 products...","og_url":"https:\/\/fgs.hr\/en\/shop-2\/","og_site_name":"Feel Good Souvenirs","article_modified_time":"2025-11-06T11:50:01+00:00","og_image":[{"url":"https:\/\/fgs.hr\/wp-content\/uploads\/2024\/08\/casa20kratka20pastel20boje20-300x300.jpg","type":"","width":"","height":""}],"twitter_card":"summary_large_image","twitter_misc":{"Estimated reading time":"3 minutes"},"schema":{"@context":"https:\/\/schema.org","@graph":[{"@type":"WebPage","@id":"https:\/\/fgs.hr\/shop-2\/","url":"https:\/\/fgs.hr\/shop-2\/","name":"shop - Feel Good Souvenirs","isPartOf":{"@id":"https:\/\/fgs.hr\/#website"},"primaryImageOfPage":{"@id":"https:\/\/fgs.hr\/shop-2\/#primaryimage"},"image":{"@id":"https:\/\/fgs.hr\/shop-2\/#primaryimage"},"thumbnailUrl":"https:\/\/fgs.hr\/wp-content\/uploads\/2024\/08\/casa20kratka20pastel20boje20-300x300.jpg","datePublished":"2024-08-09T11:01:35+00:00","dateModified":"2025-11-06T11:50:01+00:00","breadcrumb":{"@id":"https:\/\/fgs.hr\/shop-2\/#breadcrumb"},"inLanguage":"en-GB","potentialAction":[{"@type":"ReadAction","target":["https:\/\/fgs.hr\/shop-2\/"]}]},{"@type":"ImageObject","inLanguage":"en-GB","@id":"https:\/\/fgs.hr\/shop-2\/#primaryimage","url":"https:\/\/fgs.hr\/wp-content\/uploads\/2024\/08\/casa20kratka20pastel20boje20-300x300.jpg","contentUrl":"https:\/\/fgs.hr\/wp-content\/uploads\/2024\/08\/casa20kratka20pastel20boje20-300x300.jpg"},{"@type":"BreadcrumbList","@id":"https:\/\/fgs.hr\/shop-2\/#breadcrumb","itemListElement":[{"@type":"ListItem","position":1,"name":"Po\u010detna stranica","item":"https:\/\/fgs.hr\/"},{"@type":"ListItem","position":2,"name":"shop"}]},{"@type":"WebSite","@id":"https:\/\/fgs.hr\/#website","url":"https:\/\/fgs.hr\/","name":"Feel Good Souvenirs","description":"My Souvenirs \u2013 Hrvatski suveniri koji pri\u010daju pri\u010du.","publisher":{"@id":"https:\/\/fgs.hr\/#organization"},"alternateName":"My Souvenirs","potentialAction":[{"@type":"SearchAction","target":{"@type":"EntryPoint","urlTemplate":"https:\/\/fgs.hr\/?s={search_term_string}"},"query-input":{"@type":"PropertyValueSpecification","valueRequired":true,"valueName":"search_term_string"}}],"inLanguage":"en-GB"},{"@type":"Organization","@id":"https:\/\/fgs.hr\/#organization","name":"Feel Good Souvenirs","url":"https:\/\/fgs.hr\/","logo":{"@type":"ImageObject","inLanguage":"en-GB","@id":"https:\/\/fgs.hr\/#\/schema\/logo\/image\/","url":"https:\/\/fgs.hr\/wp-content\/uploads\/2024\/01\/feelgood_logo_okrugli.png","contentUrl":"https:\/\/fgs.hr\/wp-content\/uploads\/2024\/01\/feelgood_logo_okrugli.png","width":1618,"height":1615,"caption":"Feel Good Souvenirs"},"image":{"@id":"https:\/\/fgs.hr\/#\/schema\/logo\/image\/"}}]}},"_links":{"self":[{"href":"https:\/\/fgs.hr\/en\/wp-json\/wp\/v2\/pages\/12213","targetHints":{"allow":["GET"]}}],"collection":[{"href":"https:\/\/fgs.hr\/en\/wp-json\/wp\/v2\/pages"}],"about":[{"href":"https:\/\/fgs.hr\/en\/wp-json\/wp\/v2\/types\/page"}],"author":[{"embeddable":true,"href":"https:\/\/fgs.hr\/en\/wp-json\/wp\/v2\/users\/1"}],"replies":[{"embeddable":true,"href":"https:\/\/fgs.hr\/en\/wp-json\/wp\/v2\/comments?post=12213"}],"version-history":[{"count":164,"href":"https:\/\/fgs.hr\/en\/wp-json\/wp\/v2\/pages\/12213\/revisions"}],"predecessor-version":[{"id":13622,"href":"https:\/\/fgs.hr\/en\/wp-json\/wp\/v2\/pages\/12213\/revisions\/13622"}],"wp:attachment":[{"href":"https:\/\/fgs.hr\/en\/wp-json\/wp\/v2\/media?parent=12213"}],"curies":[{"name":"wp","href":"https:\/\/api.w.org\/{rel}","templated":true}]}}