{"id":11923,"date":"2024-06-24T09:47:35","date_gmt":"2024-06-24T07:47:35","guid":{"rendered":"https:\/\/fgs.hr\/?page_id=11923"},"modified":"2024-06-28T12:15:58","modified_gmt":"2024-06-28T10:15:58","slug":"dostava","status":"publish","type":"page","link":"https:\/\/fgs.hr\/en\/dostava\/","title":{"rendered":"Shipping"},"content":{"rendered":"<div data-elementor-type=\"wp-page\" data-elementor-id=\"11923\" class=\"elementor elementor-11923\" data-elementor-post-type=\"page\">\n\t\t\t\t<div class=\"elementor-element elementor-element-17554819 e-flex e-con-boxed e-con e-parent\" data-id=\"17554819\" data-element_type=\"container\" data-e-type=\"container\">\n\t\t\t\t\t<div class=\"e-con-inner\">\n\t\t\t\t<div class=\"elementor-element elementor-element-2c876414 elementor-widget elementor-widget-text-editor\" data-id=\"2c876414\" data-element_type=\"widget\" data-e-type=\"widget\" data-widget_type=\"text-editor.default\">\n\t\t\t\t<div class=\"elementor-widget-container\">\n\t\t\t\t\t\t\t\t\t<p style=\"margin-bottom: 0.18cm; line-height: 100%; background: #ffffff; page-break-before: always;\"><strong>Dostava na podru\u010dju Republike Hrvatske<\/strong><\/p><p style=\"margin-bottom: 0.18cm; line-height: 100%; background: #ffffff;\">Za kontinentalnu hrvatsku:<\/p><p style=\"margin-bottom: 0.18cm; line-height: 100%; background: #ffffff;\">DPD \u2013 od 3,00 do 8,00\u20ac s PDV-om (2-3 radna dana)<\/p><p style=\"margin-bottom: 0.18cm; line-height: 100%; background: #ffffff;\">\u00a0<\/p><p style=\"margin-bottom: 0.18cm; line-height: 100%; background: #ffffff;\">Za otoke i Dubrova\u010dko-neretvansku \u017eupaniju (iza Neuma):<\/p><p style=\"margin-bottom: 0.18cm; line-height: 100%; background: #ffffff;\">DPD \u2013 od 3,00 do 8,00\u20ac s PDV-om (2-3 radna dana)<\/p><p>\u00a0<\/p><p style=\"margin-bottom: 0.18cm; line-height: 100%; background: #ffffff;\">Besplatna dostava se ostvaruje na sve narud\u017ebe \u010diji je iznos vi\u0161i od 400,00\u20ac.<\/p><p>\u00a0<\/p><p style=\"margin-bottom: 0.18cm; line-height: 100%; background: #ffffff;\"><strong>Uvjeti dostave<\/strong><\/p><p style=\"margin-bottom: 0.18cm; line-height: 100%; background: #ffffff;\">Dostava se obavlja sukladno uvjetima kori\u0161tenja usluga dostavne slu\u017ebe, a smatra se<\/p><p style=\"margin-bottom: 0.18cm; line-height: 100%; background: #ffffff;\">izvr\u0161enom u trenutku predaje proizvoda dostavnoj slu\u017ebi. Ako se proizvod koji je<\/p><p style=\"margin-bottom: 0.18cm; line-height: 100%; background: #ffffff;\">upu\u0107en kupcu\/primatelju vrati na Feelgood souvenirs d.o.o. jer dostavna slu\u017eba nije<\/p><p style=\"margin-bottom: 0.18cm; line-height: 100%; background: #ffffff;\">uspjela izvr\u0161iti dostavu, kupac \u0107e o tome biti obavije\u0161ten. Potom \u0107e mu biti ponu\u0111eno<\/p><p style=\"margin-bottom: 0.18cm; line-height: 100%; background: #ffffff;\">da se naru\u010deni proizvod ponovo dostavi na adresu kupca\/primatelja ili da se naru\u010deni<\/p><p style=\"margin-bottom: 0.18cm; line-height: 100%; background: #ffffff;\">proizvod preuzme na adresi Feelgood souvenirs d.o.o. Kada Feelgood souvenirs<\/p><p style=\"margin-bottom: 0.18cm; line-height: 100%; background: #ffffff;\">d.o.o. putem dostavne slu\u017ebe isporu\u010di proizvod kupcu\/primatelju, kupac je du\u017ean<\/p><p style=\"margin-bottom: 0.18cm; line-height: 100%; background: #ffffff;\">preuzeti potpisom na dostavnici. S time potvr\u0111uje da je proizvod uredno isporu\u010den. U<\/p><p style=\"margin-bottom: 0.18cm; line-height: 100%; background: #ffffff;\">slu\u010daju da kupac naru\u010di robu i odbije ju primiti, Feelgood souvenirs d.o.o. ima pravo<\/p><p style=\"margin-bottom: 0.18cm; line-height: 100%; background: #ffffff;\">uskratiti od upla\u0107enog iznosa kupoprodajne cijene iznos u visini tro\u0161kova dostave i<\/p><p style=\"margin-bottom: 0.18cm; line-height: 100%; background: #ffffff;\">ostalih tro\u0161kova iz cjenika dostave. Rok isporuke proizvoda, kod kojih je navedeno da<\/p><p style=\"margin-bottom: 0.18cm; line-height: 100%; background: #ffffff;\">se nalaze na zalihi, na podru\u010dju cijele Hrvatske je 4-6 radnih dana.<\/p>\t\t\t\t\t\t\t\t<\/div>\n\t\t\t\t<\/div>\n\t\t\t\t\t<\/div>\n\t\t\t\t<\/div>\n\t\t\t\t<\/div>","protected":false},"excerpt":{"rendered":"<p>Dostava na podru\u010dju Republike Hrvatske Za kontinentalnu hrvatsku: DPD \u2013 od 3,00 do 8,00\u20ac s PDV-om (2-3 radna dana) \u00a0 Za otoke i Dubrova\u010dko-neretvansku \u017eupaniju&#8230;<\/p>","protected":false},"author":1,"featured_media":0,"parent":0,"menu_order":0,"comment_status":"closed","ping_status":"closed","template":"","meta":{"footnotes":""},"class_list":["post-11923","page","type-page","status-publish","hentry"],"yoast_head":"<!-- This site is optimized with the Yoast SEO plugin v27.2 - https:\/\/yoast.com\/product\/yoast-seo-wordpress\/ -->\n<title>Dostava - Feel Good Souvenirs<\/title>\n<meta name=\"robots\" content=\"index, follow, max-snippet:-1, max-image-preview:large, max-video-preview:-1\" \/>\n<link rel=\"canonical\" href=\"https:\/\/fgs.hr\/en\/dostava\/\" \/>\n<meta property=\"og:locale\" content=\"en_GB\" \/>\n<meta property=\"og:type\" content=\"article\" \/>\n<meta property=\"og:title\" content=\"Dostava - Feel Good Souvenirs\" \/>\n<meta property=\"og:description\" content=\"Dostava na podru\u010dju Republike Hrvatske Za kontinentalnu hrvatsku: DPD \u2013 od 3,00 do 8,00\u20ac s PDV-om (2-3 radna dana) \u00a0 Za otoke i Dubrova\u010dko-neretvansku \u017eupaniju...\" \/>\n<meta property=\"og:url\" content=\"https:\/\/fgs.hr\/en\/dostava\/\" \/>\n<meta property=\"og:site_name\" content=\"Feel Good Souvenirs\" \/>\n<meta property=\"article:modified_time\" content=\"2024-06-28T10:15:58+00:00\" \/>\n<meta name=\"twitter:card\" content=\"summary_large_image\" \/>\n<meta name=\"twitter:label1\" content=\"Estimated reading time\" \/>\n\t<meta name=\"twitter:data1\" content=\"1 minute\" \/>\n<script type=\"application\/ld+json\" class=\"yoast-schema-graph\">{\"@context\":\"https:\/\/schema.org\",\"@graph\":[{\"@type\":\"WebPage\",\"@id\":\"https:\/\/fgs.hr\/dostava\/\",\"url\":\"https:\/\/fgs.hr\/dostava\/\",\"name\":\"Dostava - Feel Good Souvenirs\",\"isPartOf\":{\"@id\":\"https:\/\/fgs.hr\/#website\"},\"datePublished\":\"2024-06-24T07:47:35+00:00\",\"dateModified\":\"2024-06-28T10:15:58+00:00\",\"breadcrumb\":{\"@id\":\"https:\/\/fgs.hr\/dostava\/#breadcrumb\"},\"inLanguage\":\"en-GB\",\"potentialAction\":[{\"@type\":\"ReadAction\",\"target\":[\"https:\/\/fgs.hr\/dostava\/\"]}]},{\"@type\":\"BreadcrumbList\",\"@id\":\"https:\/\/fgs.hr\/dostava\/#breadcrumb\",\"itemListElement\":[{\"@type\":\"ListItem\",\"position\":1,\"name\":\"Po\u010detna stranica\",\"item\":\"https:\/\/fgs.hr\/\"},{\"@type\":\"ListItem\",\"position\":2,\"name\":\"Dostava\"}]},{\"@type\":\"WebSite\",\"@id\":\"https:\/\/fgs.hr\/#website\",\"url\":\"https:\/\/fgs.hr\/\",\"name\":\"Feel Good Souvenirs\",\"description\":\"My Souvenirs \u2013 Hrvatski suveniri koji pri\u010daju pri\u010du.\",\"publisher\":{\"@id\":\"https:\/\/fgs.hr\/#organization\"},\"alternateName\":\"My Souvenirs\",\"potentialAction\":[{\"@type\":\"SearchAction\",\"target\":{\"@type\":\"EntryPoint\",\"urlTemplate\":\"https:\/\/fgs.hr\/?s={search_term_string}\"},\"query-input\":{\"@type\":\"PropertyValueSpecification\",\"valueRequired\":true,\"valueName\":\"search_term_string\"}}],\"inLanguage\":\"en-GB\"},{\"@type\":\"Organization\",\"@id\":\"https:\/\/fgs.hr\/#organization\",\"name\":\"Feel Good Souvenirs\",\"url\":\"https:\/\/fgs.hr\/\",\"logo\":{\"@type\":\"ImageObject\",\"inLanguage\":\"en-GB\",\"@id\":\"https:\/\/fgs.hr\/#\/schema\/logo\/image\/\",\"url\":\"https:\/\/fgs.hr\/wp-content\/uploads\/2024\/01\/feelgood_logo_okrugli.png\",\"contentUrl\":\"https:\/\/fgs.hr\/wp-content\/uploads\/2024\/01\/feelgood_logo_okrugli.png\",\"width\":1618,\"height\":1615,\"caption\":\"Feel Good Souvenirs\"},\"image\":{\"@id\":\"https:\/\/fgs.hr\/#\/schema\/logo\/image\/\"}}]}<\/script>\n<!-- \/ Yoast SEO plugin. -->","yoast_head_json":{"title":"Dostava - Feel Good Souvenirs","robots":{"index":"index","follow":"follow","max-snippet":"max-snippet:-1","max-image-preview":"max-image-preview:large","max-video-preview":"max-video-preview:-1"},"canonical":"https:\/\/fgs.hr\/en\/dostava\/","og_locale":"en_GB","og_type":"article","og_title":"Dostava - Feel Good Souvenirs","og_description":"Dostava na podru\u010dju Republike Hrvatske Za kontinentalnu hrvatsku: DPD \u2013 od 3,00 do 8,00\u20ac s PDV-om (2-3 radna dana) \u00a0 Za otoke i Dubrova\u010dko-neretvansku \u017eupaniju...","og_url":"https:\/\/fgs.hr\/en\/dostava\/","og_site_name":"Feel Good Souvenirs","article_modified_time":"2024-06-28T10:15:58+00:00","twitter_card":"summary_large_image","twitter_misc":{"Estimated reading time":"1 minute"},"schema":{"@context":"https:\/\/schema.org","@graph":[{"@type":"WebPage","@id":"https:\/\/fgs.hr\/dostava\/","url":"https:\/\/fgs.hr\/dostava\/","name":"Dostava - Feel Good Souvenirs","isPartOf":{"@id":"https:\/\/fgs.hr\/#website"},"datePublished":"2024-06-24T07:47:35+00:00","dateModified":"2024-06-28T10:15:58+00:00","breadcrumb":{"@id":"https:\/\/fgs.hr\/dostava\/#breadcrumb"},"inLanguage":"en-GB","potentialAction":[{"@type":"ReadAction","target":["https:\/\/fgs.hr\/dostava\/"]}]},{"@type":"BreadcrumbList","@id":"https:\/\/fgs.hr\/dostava\/#breadcrumb","itemListElement":[{"@type":"ListItem","position":1,"name":"Po\u010detna stranica","item":"https:\/\/fgs.hr\/"},{"@type":"ListItem","position":2,"name":"Dostava"}]},{"@type":"WebSite","@id":"https:\/\/fgs.hr\/#website","url":"https:\/\/fgs.hr\/","name":"Feel Good Souvenirs","description":"My Souvenirs \u2013 Hrvatski suveniri koji pri\u010daju pri\u010du.","publisher":{"@id":"https:\/\/fgs.hr\/#organization"},"alternateName":"My Souvenirs","potentialAction":[{"@type":"SearchAction","target":{"@type":"EntryPoint","urlTemplate":"https:\/\/fgs.hr\/?s={search_term_string}"},"query-input":{"@type":"PropertyValueSpecification","valueRequired":true,"valueName":"search_term_string"}}],"inLanguage":"en-GB"},{"@type":"Organization","@id":"https:\/\/fgs.hr\/#organization","name":"Feel Good Souvenirs","url":"https:\/\/fgs.hr\/","logo":{"@type":"ImageObject","inLanguage":"en-GB","@id":"https:\/\/fgs.hr\/#\/schema\/logo\/image\/","url":"https:\/\/fgs.hr\/wp-content\/uploads\/2024\/01\/feelgood_logo_okrugli.png","contentUrl":"https:\/\/fgs.hr\/wp-content\/uploads\/2024\/01\/feelgood_logo_okrugli.png","width":1618,"height":1615,"caption":"Feel Good Souvenirs"},"image":{"@id":"https:\/\/fgs.hr\/#\/schema\/logo\/image\/"}}]}},"_links":{"self":[{"href":"https:\/\/fgs.hr\/en\/wp-json\/wp\/v2\/pages\/11923","targetHints":{"allow":["GET"]}}],"collection":[{"href":"https:\/\/fgs.hr\/en\/wp-json\/wp\/v2\/pages"}],"about":[{"href":"https:\/\/fgs.hr\/en\/wp-json\/wp\/v2\/types\/page"}],"author":[{"embeddable":true,"href":"https:\/\/fgs.hr\/en\/wp-json\/wp\/v2\/users\/1"}],"replies":[{"embeddable":true,"href":"https:\/\/fgs.hr\/en\/wp-json\/wp\/v2\/comments?post=11923"}],"version-history":[{"count":10,"href":"https:\/\/fgs.hr\/en\/wp-json\/wp\/v2\/pages\/11923\/revisions"}],"predecessor-version":[{"id":11977,"href":"https:\/\/fgs.hr\/en\/wp-json\/wp\/v2\/pages\/11923\/revisions\/11977"}],"wp:attachment":[{"href":"https:\/\/fgs.hr\/en\/wp-json\/wp\/v2\/media?parent=11923"}],"curies":[{"name":"wp","href":"https:\/\/api.w.org\/{rel}","templated":true}]}}